{"id":2699,"date":"2024-05-14T18:02:54","date_gmt":"2024-05-14T16:02:54","guid":{"rendered":"https:\/\/www.aparthotelgiuliano.com\/avis-legal\/"},"modified":"2025-03-29T19:54:55","modified_gmt":"2025-03-29T17:54:55","slug":"avis-legal","status":"publish","type":"page","link":"https:\/\/www.aparthotelgiuliano.com\/ca\/avis-legal\/","title":{"rendered":"Av\u00eds legal"},"content":{"rendered":"\t\t<div data-elementor-type=\"wp-page\" data-elementor-id=\"2699\" class=\"elementor elementor-2699 elementor-992\" data-elementor-post-type=\"page\">\n\t\t\t\t\t\t<section class=\"elementor-section elementor-top-section elementor-element elementor-element-8388a55 elementor-section-boxed elementor-section-height-default elementor-section-height-default\" data-id=\"8388a55\" data-element_type=\"section\" data-e-type=\"section\">\n\t\t\t\t\t\t<div class=\"elementor-container elementor-column-gap-default\">\n\t\t\t\t\t<div class=\"elementor-column elementor-col-100 elementor-top-column elementor-element elementor-element-9807b00\" data-id=\"9807b00\" data-element_type=\"column\" data-e-type=\"column\">\n\t\t\t<div class=\"elementor-widget-wrap elementor-element-populated\">\n\t\t\t\t\t\t<div class=\"elementor-element elementor-element-5fd5146 elementor-widget elementor-widget-heading\" data-id=\"5fd5146\" data-element_type=\"widget\" data-e-type=\"widget\" data-widget_type=\"heading.default\">\n\t\t\t\t<div class=\"elementor-widget-container\">\n\t\t\t\t\t<h2 class=\"elementor-heading-title elementor-size-default\">Av\u00eds legal<\/h2>\t\t\t\t<\/div>\n\t\t\t\t<\/div>\n\t\t\t\t<div class=\"elementor-element elementor-element-f21bc3d elementor-widget elementor-widget-text-editor\" data-id=\"f21bc3d\" data-element_type=\"widget\" data-e-type=\"widget\" data-widget_type=\"text-editor.default\">\n\t\t\t\t<div class=\"elementor-widget-container\">\n\t\t\t\t\t\t\t\t\t<p>El titular d&#8217;aquest lloc web \u00e9s Parrondo agudo SL, amb N.I.F. B70970678, amb domicili a Tamariu 7, 17487 Empuriabrava (Girona).<\/p>\n<p>L&#8217;acc\u00e9s al lloc web de www.aparthotelgiuliano.com \u00e9s gratu\u00eft. Tot el contingut \u00e9s propietat intel\u00b7lectual de Parrondo agudo SL. Qualsevol utilitzaci\u00f3 dels mateixos contr\u00e0ria a les normes en mat\u00e8ria de propietat intel\u00b7lectual ser\u00e0 perseguida d&#8217;acord amb la legislaci\u00f3 vigent.<\/p>\n\t\t\t\t\t\t\t\t<\/div>\n\t\t\t\t<\/div>\n\t\t\t\t\t<\/div>\n\t\t<\/div>\n\t\t\t\t\t<\/div>\n\t\t<\/section>\n\t\t\t\t<\/div>\n\t\t","protected":false},"excerpt":{"rendered":"<p>Av\u00eds legal El titular d&#8217;aquest lloc web \u00e9s Parrondo agudo SL, amb N.I.F. B70970678, amb domicili a Tamariu 7, 17487 Empuriabrava (Girona). L&#8217;acc\u00e9s al lloc web de www.aparthotelgiuliano.com \u00e9s gratu\u00eft. Tot el contingut \u00e9s propietat intel\u00b7lectual de Parrondo agudo SL. Qualsevol utilitzaci\u00f3 dels mateixos contr\u00e0ria a les normes en mat\u00e8ria de propietat intel\u00b7lectual ser\u00e0 perseguida [&hellip;]<\/p>\n","protected":false},"author":2,"featured_media":0,"parent":0,"menu_order":0,"comment_status":"closed","ping_status":"closed","template":"","meta":{"footnotes":""},"class_list":["post-2699","page","type-page","status-publish","hentry"],"yoast_head":"<!-- This site is optimized with the Yoast SEO plugin v27.2 - https:\/\/yoast.com\/product\/yoast-seo-wordpress\/ -->\n<title>Av\u00eds legal &#8226; Aparthotel Giuliano<\/title>\n<meta name=\"robots\" content=\"noindex, nofollow\" \/>\n<meta property=\"og:locale\" content=\"ca_ES\" \/>\n<meta property=\"og:type\" content=\"article\" \/>\n<meta property=\"og:title\" content=\"Av\u00eds legal &#8226; Aparthotel Giuliano\" \/>\n<meta property=\"og:description\" content=\"Av\u00eds legal El titular d&#8217;aquest lloc web \u00e9s Parrondo agudo SL, amb N.I.F. B70970678, amb domicili a Tamariu 7, 17487 Empuriabrava (Girona). L&#8217;acc\u00e9s al lloc web de www.aparthotelgiuliano.com \u00e9s gratu\u00eft. Tot el contingut \u00e9s propietat intel\u00b7lectual de Parrondo agudo SL. Qualsevol utilitzaci\u00f3 dels mateixos contr\u00e0ria a les normes en mat\u00e8ria de propietat intel\u00b7lectual ser\u00e0 perseguida [&hellip;]\" \/>\n<meta property=\"og:url\" content=\"https:\/\/www.aparthotelgiuliano.com\/ca\/avis-legal\/\" \/>\n<meta property=\"og:site_name\" content=\"Aparthotel Giuliano\" \/>\n<meta property=\"article:modified_time\" content=\"2025-03-29T17:54:55+00:00\" \/>\n<meta name=\"twitter:card\" content=\"summary_large_image\" \/>\n<script type=\"application\/ld+json\" class=\"yoast-schema-graph\">{\"@context\":\"https:\/\/schema.org\",\"@graph\":[{\"@type\":\"WebPage\",\"@id\":\"https:\/\/www.aparthotelgiuliano.com\/ca\/avis-legal\/\",\"url\":\"https:\/\/www.aparthotelgiuliano.com\/ca\/avis-legal\/\",\"name\":\"Av\u00eds legal &#8226; Aparthotel Giuliano\",\"isPartOf\":{\"@id\":\"https:\/\/www.aparthotelgiuliano.com\/ca\/#website\"},\"datePublished\":\"2024-05-14T16:02:54+00:00\",\"dateModified\":\"2025-03-29T17:54:55+00:00\",\"breadcrumb\":{\"@id\":\"https:\/\/www.aparthotelgiuliano.com\/ca\/avis-legal\/#breadcrumb\"},\"inLanguage\":\"ca\",\"potentialAction\":[{\"@type\":\"ReadAction\",\"target\":[\"https:\/\/www.aparthotelgiuliano.com\/ca\/avis-legal\/\"]}]},{\"@type\":\"BreadcrumbList\",\"@id\":\"https:\/\/www.aparthotelgiuliano.com\/ca\/avis-legal\/#breadcrumb\",\"itemListElement\":[{\"@type\":\"ListItem\",\"position\":1,\"name\":\"Portada\",\"item\":\"https:\/\/www.aparthotelgiuliano.com\/ca\/inici\/\"},{\"@type\":\"ListItem\",\"position\":2,\"name\":\"Av\u00eds legal\"}]},{\"@type\":\"WebSite\",\"@id\":\"https:\/\/www.aparthotelgiuliano.com\/ca\/#website\",\"url\":\"https:\/\/www.aparthotelgiuliano.com\/ca\/\",\"name\":\"Aparthotel Giuliano\",\"description\":\"Aparthotel en Empuriabrava\",\"publisher\":{\"@id\":\"https:\/\/www.aparthotelgiuliano.com\/ca\/#organization\"},\"potentialAction\":[{\"@type\":\"SearchAction\",\"target\":{\"@type\":\"EntryPoint\",\"urlTemplate\":\"https:\/\/www.aparthotelgiuliano.com\/ca\/?s={search_term_string}\"},\"query-input\":{\"@type\":\"PropertyValueSpecification\",\"valueRequired\":true,\"valueName\":\"search_term_string\"}}],\"inLanguage\":\"ca\"},{\"@type\":\"Organization\",\"@id\":\"https:\/\/www.aparthotelgiuliano.com\/ca\/#organization\",\"name\":\"Hotel Albera\",\"url\":\"https:\/\/www.aparthotelgiuliano.com\/ca\/\",\"logo\":{\"@type\":\"ImageObject\",\"inLanguage\":\"ca\",\"@id\":\"https:\/\/www.aparthotelgiuliano.com\/ca\/#\/schema\/logo\/image\/\",\"url\":\"https:\/\/hotelalbera.com\/wp-content\/uploads\/2021\/09\/hotel-albera-logo.jpg\",\"contentUrl\":\"https:\/\/hotelalbera.com\/wp-content\/uploads\/2021\/09\/hotel-albera-logo.jpg\",\"width\":300,\"height\":300,\"caption\":\"Hotel Albera\"},\"image\":{\"@id\":\"https:\/\/www.aparthotelgiuliano.com\/ca\/#\/schema\/logo\/image\/\"}}]}<\/script>\n<!-- \/ Yoast SEO plugin. -->","yoast_head_json":{"title":"Av\u00eds legal &#8226; Aparthotel Giuliano","robots":{"index":"noindex","follow":"nofollow"},"og_locale":"ca_ES","og_type":"article","og_title":"Av\u00eds legal &#8226; Aparthotel Giuliano","og_description":"Av\u00eds legal El titular d&#8217;aquest lloc web \u00e9s Parrondo agudo SL, amb N.I.F. B70970678, amb domicili a Tamariu 7, 17487 Empuriabrava (Girona). L&#8217;acc\u00e9s al lloc web de www.aparthotelgiuliano.com \u00e9s gratu\u00eft. Tot el contingut \u00e9s propietat intel\u00b7lectual de Parrondo agudo SL. Qualsevol utilitzaci\u00f3 dels mateixos contr\u00e0ria a les normes en mat\u00e8ria de propietat intel\u00b7lectual ser\u00e0 perseguida [&hellip;]","og_url":"https:\/\/www.aparthotelgiuliano.com\/ca\/avis-legal\/","og_site_name":"Aparthotel Giuliano","article_modified_time":"2025-03-29T17:54:55+00:00","twitter_card":"summary_large_image","schema":{"@context":"https:\/\/schema.org","@graph":[{"@type":"WebPage","@id":"https:\/\/www.aparthotelgiuliano.com\/ca\/avis-legal\/","url":"https:\/\/www.aparthotelgiuliano.com\/ca\/avis-legal\/","name":"Av\u00eds legal &#8226; Aparthotel Giuliano","isPartOf":{"@id":"https:\/\/www.aparthotelgiuliano.com\/ca\/#website"},"datePublished":"2024-05-14T16:02:54+00:00","dateModified":"2025-03-29T17:54:55+00:00","breadcrumb":{"@id":"https:\/\/www.aparthotelgiuliano.com\/ca\/avis-legal\/#breadcrumb"},"inLanguage":"ca","potentialAction":[{"@type":"ReadAction","target":["https:\/\/www.aparthotelgiuliano.com\/ca\/avis-legal\/"]}]},{"@type":"BreadcrumbList","@id":"https:\/\/www.aparthotelgiuliano.com\/ca\/avis-legal\/#breadcrumb","itemListElement":[{"@type":"ListItem","position":1,"name":"Portada","item":"https:\/\/www.aparthotelgiuliano.com\/ca\/inici\/"},{"@type":"ListItem","position":2,"name":"Av\u00eds legal"}]},{"@type":"WebSite","@id":"https:\/\/www.aparthotelgiuliano.com\/ca\/#website","url":"https:\/\/www.aparthotelgiuliano.com\/ca\/","name":"Aparthotel Giuliano","description":"Aparthotel en Empuriabrava","publisher":{"@id":"https:\/\/www.aparthotelgiuliano.com\/ca\/#organization"},"potentialAction":[{"@type":"SearchAction","target":{"@type":"EntryPoint","urlTemplate":"https:\/\/www.aparthotelgiuliano.com\/ca\/?s={search_term_string}"},"query-input":{"@type":"PropertyValueSpecification","valueRequired":true,"valueName":"search_term_string"}}],"inLanguage":"ca"},{"@type":"Organization","@id":"https:\/\/www.aparthotelgiuliano.com\/ca\/#organization","name":"Hotel Albera","url":"https:\/\/www.aparthotelgiuliano.com\/ca\/","logo":{"@type":"ImageObject","inLanguage":"ca","@id":"https:\/\/www.aparthotelgiuliano.com\/ca\/#\/schema\/logo\/image\/","url":"https:\/\/hotelalbera.com\/wp-content\/uploads\/2021\/09\/hotel-albera-logo.jpg","contentUrl":"https:\/\/hotelalbera.com\/wp-content\/uploads\/2021\/09\/hotel-albera-logo.jpg","width":300,"height":300,"caption":"Hotel Albera"},"image":{"@id":"https:\/\/www.aparthotelgiuliano.com\/ca\/#\/schema\/logo\/image\/"}}]}},"_links":{"self":[{"href":"https:\/\/www.aparthotelgiuliano.com\/ca\/wp-json\/wp\/v2\/pages\/2699","targetHints":{"allow":["GET"]}}],"collection":[{"href":"https:\/\/www.aparthotelgiuliano.com\/ca\/wp-json\/wp\/v2\/pages"}],"about":[{"href":"https:\/\/www.aparthotelgiuliano.com\/ca\/wp-json\/wp\/v2\/types\/page"}],"author":[{"embeddable":true,"href":"https:\/\/www.aparthotelgiuliano.com\/ca\/wp-json\/wp\/v2\/users\/2"}],"replies":[{"embeddable":true,"href":"https:\/\/www.aparthotelgiuliano.com\/ca\/wp-json\/wp\/v2\/comments?post=2699"}],"version-history":[{"count":2,"href":"https:\/\/www.aparthotelgiuliano.com\/ca\/wp-json\/wp\/v2\/pages\/2699\/revisions"}],"predecessor-version":[{"id":3258,"href":"https:\/\/www.aparthotelgiuliano.com\/ca\/wp-json\/wp\/v2\/pages\/2699\/revisions\/3258"}],"wp:attachment":[{"href":"https:\/\/www.aparthotelgiuliano.com\/ca\/wp-json\/wp\/v2\/media?parent=2699"}],"curies":[{"name":"wp","href":"https:\/\/api.w.org\/{rel}","templated":true}]}}