{"id":2773,"date":"2024-05-14T18:15:56","date_gmt":"2024-05-14T16:15:56","guid":{"rendered":"https:\/\/www.aparthotelgiuliano.com\/politica-de-cookies\/"},"modified":"2024-05-14T18:15:56","modified_gmt":"2024-05-14T16:15:56","slug":"politica-de-cookies","status":"publish","type":"page","link":"https:\/\/www.aparthotelgiuliano.com\/ca\/politica-de-cookies\/","title":{"rendered":"Pol\u00edtica de cookies"},"content":{"rendered":"\t\t<div data-elementor-type=\"wp-page\" data-elementor-id=\"2773\" class=\"elementor elementor-2773 elementor-1245\" data-elementor-post-type=\"page\">\n\t\t\t\t\t\t<section class=\"elementor-section elementor-top-section elementor-element elementor-element-8388a55 elementor-section-boxed elementor-section-height-default elementor-section-height-default\" data-id=\"8388a55\" data-element_type=\"section\" data-e-type=\"section\">\n\t\t\t\t\t\t<div class=\"elementor-container elementor-column-gap-default\">\n\t\t\t\t\t<div class=\"elementor-column elementor-col-100 elementor-top-column elementor-element elementor-element-9807b00\" data-id=\"9807b00\" data-element_type=\"column\" data-e-type=\"column\">\n\t\t\t<div class=\"elementor-widget-wrap elementor-element-populated\">\n\t\t\t\t\t\t<div class=\"elementor-element elementor-element-5fd5146 elementor-widget elementor-widget-heading\" data-id=\"5fd5146\" data-element_type=\"widget\" data-e-type=\"widget\" data-widget_type=\"heading.default\">\n\t\t\t\t<div class=\"elementor-widget-container\">\n\t\t\t\t\t<h2 class=\"elementor-heading-title elementor-size-default\">Pol\u00edtica de cookies<\/h2>\t\t\t\t<\/div>\n\t\t\t\t<\/div>\n\t\t\t\t<div class=\"elementor-element elementor-element-f21bc3d elementor-widget elementor-widget-text-editor\" data-id=\"f21bc3d\" data-element_type=\"widget\" data-e-type=\"widget\" data-widget_type=\"text-editor.default\">\n\t\t\t\t<div class=\"elementor-widget-container\">\n\t\t\t\t\t\t\t\t\t<p align=\"justify\">En aquesta secci\u00f3 trobar\u00e0s la informaci\u00f3 sobre les cookies que es poden enviar o generar en utilitzar aquest servei, aix\u00ed com el seu \u00fas i finalitat.<\/p>\n<p>Aquest servei web, com la majoria dels llocs a Internet, utilitza galetes per millorar i optimitzar l&#8217;experi\u00e8ncia de l&#8217;usuari. A continuaci\u00f3 trobar\u00e0s informaci\u00f3 detallada sobre qu\u00e8 s\u00f3n les \u201cCookies\u201d, quina tipologia utilitza aquest lloc web, com pots desactivar-les al teu navegador i com bloquejar espec\u00edficament la instal\u00b7laci\u00f3 de Cookies de tercers.<\/p>\n<p><strong>Qu\u00e8 s\u00f3n les galetes i com les utilitza aquest lloc web?<\/strong><\/p>\n<p>Les Cookies s\u00f3n fitxers que el lloc web o l&#8217;aplicaci\u00f3 que utilitzes instal\u00b7la al vostre navegador o al vostre dispositiu (smartphone, tauleta o televisi\u00f3 connectada) durant el vostre recorregut per les p\u00e0gines o per l&#8217;aplicaci\u00f3, i serveixen per emmagatzemar informaci\u00f3 sobre la vostra visita. Com la majoria dels llocs a internet, aquesta web utilitza Cookies per a:<\/p>\n<p>\u2013 Assegurar que les p\u00e0gines web poden funcionar correctament<br \/>\n\u2013 Emmagatzemar les prefer\u00e8ncies, com ara l&#8217;idioma que heu seleccionat o la mida de lletra.<br \/>\n\u2013 Con\u00e9ixer la teva experi\u00e8ncia de navegaci\u00f3.<br \/>\n\u2013 Recopilar informaci\u00f3 estad\u00edstica an\u00f2nima, com quines p\u00e0gines has vist o quant de temps has estat als nostres mitjans.<br \/>\n\u2013 L&#8217;\u00fas de Cookies ens permet optimitzar la teva navegaci\u00f3, adaptant la informaci\u00f3 i els serveis oferts als teus interessos, per proporcionar-te una millor experi\u00e8ncia sempre que ens visitis.<\/p>\n<p>Aquest lloc utilitza galetes per funcionar, adaptar i facilitar al m\u00e0xim la navegaci\u00f3 de l&#8217;usuari.<\/p>\n<p>Les galetes s&#8217;associen \u00fanicament a un usuari an\u00f2nim i el seu ordinador\/dispositiu i no proporcionen refer\u00e8ncies que permetin con\u00e8ixer dades personals. En tot moment podr\u00e0s accedir a la configuraci\u00f3 del teu navegador per modificar i\/o bloquejar la instal\u00b7laci\u00f3 de les galetes enviades, sense que aix\u00f2 impedeixi a l&#8217;acc\u00e9s als continguts. No obstant aix\u00f2, la qualitat del funcionament dels serveis es pot veure afectada.<\/p>\n<p>Els Usuaris que completin el proc\u00e9s de registre o hagin iniciat sessi\u00f3 amb les dades d&#8217;acc\u00e9s podran accedir a serveis personalitzats i adaptats a les seves prefer\u00e8ncies segons la informaci\u00f3 personal subministrada en el moment del registre i l&#8217;emmagatzemada a la Cookie del navegador.<\/p>\n<p><strong>Quina import\u00e0ncia t\u00e9<\/strong><strong>?<\/strong><\/p>\n<p>\u2013 Des d&#8217;un punt de vista t\u00e8cnic, permeten que els llocs web funcionin de manera m\u00e9s \u00e0gil i adaptada a les prefer\u00e8ncies dels usuaris, com ara emmagatzemar l&#8217;idioma, la moneda del pa\u00eds o detectar el dispositiu d&#8217;acc\u00e9s.<br \/>\n\u2013 Estableixen nivells de protecci\u00f3 i seguretat que impedeixen o dificulten ciberatacs contra el lloc web o els seus usuaris.<br \/>\n\u2013 Permeten que els gestors dels mitjans puguin con\u00e8ixer dades estad\u00edstiques recopilades a les Cookies per millorar la qualitat i experi\u00e8ncia dels seus serveis.<br \/>\n\u2013 Serveixen per optimitzar la publicitat que mostrem als usuaris, oferint la que m\u00e9s s&#8217;ajusta als interessos.<\/p>\n<p><strong>Quins s\u00f3n els diferents tipus de galetes que utilitza aquest servei?<\/strong><\/p>\n<p>\u2013 Les de sessi\u00f3 expiren quan l&#8217;Usuari abandona la p\u00e0gina o tanca el navegador, \u00e9s a dir, estan actives mentre dura la visita al lloc web i, per tant, s\u00f3n esborrades del nostre ordinador en abandonar-lo.<\/p>\n<p>\u2013 Les permanents expiren quan es compleix l&#8217;objectiu per al que serveixen o b\u00e9 quan s&#8217;esborren manualment, tenen data d&#8217;esborrament i s&#8217;utilitzen normalment en proc\u00e9s de compra en l\u00ednia, personalitzacions o al registre, per no haver d&#8217;introduir la nostra contrasenya constantment.<\/p>\n<p>D&#8217;altra banda, segons qui sigui l&#8217;entitat que gestioni l&#8217;equip o domini des d&#8217;on s&#8217;envien les galetes i tracti les dades que s&#8217;obtinguin, podem distingir entre galetes pr\u00f2pies i de tercers.<\/p>\n<p>\u2013 Les galetes pr\u00f2pies s\u00f3n aquelles galetes que s\u00f3n enviades al teu ordinador i gestionades exclusivament per nosaltres per al millor funcionament del Lloc Web. La informaci\u00f3 que demanem s&#8217;empra per millorar la qualitat del nostre servei i la teva experi\u00e8ncia com a usuari.<\/p>\n<p>\u2013 Si interactues amb el contingut del nostre Lloc Web tamb\u00e9 es poden establir cookies de tercers (per exemple, en pr\u00e9mer botons de xarxes socials o visionar v\u00eddeos allotjats en un altre lloc web), que s\u00f3n aquelles establertes per un domini diferent del nostre Lloc Web. No podem accedir a les dades emmagatzemades a les cookies d&#8217;altres llocs web quan naveguis als llocs web esmentats.<\/p>\n<p align=\"justify\">Navegar per aquest servei suposa que es puguin instal\u00b7lar els seg\u00fcents tipus de Cookies:<\/p>\n<p><strong>1. Cookies pr\u00f2pies<\/strong><\/p>\n<p><strong>\u2013 Galetes de rendiment:<\/strong><br \/>\nAquestes cookies es fan servir per millorar la teva experi\u00e8ncia de navegaci\u00f3 i optimitzar el funcionament dels nostres llocs web. Emmagatzemen configuracions de serveis perqu\u00e8 no els hagis de reconfigurar cada vegada que ens visites.<\/p>\n<p>Exemples d&#8217;\u00fas: Recordar el tipus d&#8217;acc\u00e9s (versi\u00f3 m\u00f2bil o versi\u00f3 web), recordar elements desplegats, recordar \u00faltims continguts visitats, etc.<\/p>\n<p><strong> \u2013 Galetes de Geolocalitzaci\u00f3:<\/strong><br \/>\nAquestes galetes s&#8217;utilitzen per emmagatzemar dades de geolocalitzaci\u00f3 de l&#8217;ordinador o dispositiu per oferir continguts i serveis m\u00e9s adients.<\/p>\n<p>Exemples d\u00fas: continguts segons el pa\u00eds dacc\u00e9s.<\/p>\n<p><strong>\u2013 Galetes Anal\u00edtiques:<\/strong><br \/>\nAquestes galetes serveixen per recopilar informaci\u00f3 an\u00f2nima d&#8217;acc\u00e9s i experi\u00e8ncia de navegaci\u00f3, com ara el temps total de navegaci\u00f3, les p\u00e0gines visitades, etc.<\/p>\n<p>Exemples d\u00fas: Comptabilitzar el nombre total de visitants, saps si lusuari \u00e9s nou o ja ha visitat la web anteriorment.<\/p>\n<p align=\"justify\"><b>2. Galetes de tercers<br \/>\n<\/b><br \/>\n\u2013 Cookies Anal\u00edtiques (Google Analytics). En aquests casos, els serveis de tercers utilitzen cookies per oferir el servei.<br \/>\n\u2013 Cookies de Xarxes Socials i altres serveis integrats: en algunes p\u00e0gines hi ha la possibilitat d&#8217;inserir continguts de tercers, compartir o interactuar amb xarxes socials. En aquests casos, els serveis de tercers utilitzen cookies per oferir el servei.<\/p>\n<p>Actualment les xarxes socials i serveis integrats de tercers aix\u00ed com les seves respectives pol\u00edtiques de privadesa (enlla\u00e7ades) s\u00f3n: <strong>\u00a0<a href=\"https:\/\/twitter.com\/privacy\">Twitter<\/a>,\u00a0<a href= \"https:\/\/www.facebook.com\/about\/privacy\/your-info-on-other\">Facebook<\/a>,\u00a0<a href=\"http:\/\/www.google.es\/intl\/es\/policies \/privacy\/\">YouTube<\/a><br \/>\n<\/strong><\/p>\n<p align=\"justify\">2.1 Informaci\u00f3 sobre cookies:\u00a0<strong>Google Analytics<\/strong>.<\/p>\n<p>Aquesta p\u00e0gina web utilitza Google Analytics, un servei anal\u00edtic de web prestat per Google, Inc., una companyia de Delaware que t\u00e9 com a oficina principal el 1600 Amphitheatre Parkway, Mountain View (Calif\u00f2rnia), CA 94043, Estats Units (\u201cGoogle\u201d). Google Analytics utilitza \u201ccookies\u201d, que s\u00f3n arxius de text ubicats al vostre ordinador, per ajudar el website a analitzar l&#8217;\u00fas que fan els usuaris del lloc web. La informaci\u00f3 que genera la galeta sobre el seu \u00fas del lloc web (incloent-hi l&#8217;adre\u00e7a IP) ser\u00e0 directament transmesa i arxivada per Google als servidors dels Estats Units. Google utilitzar\u00e0 aquesta informaci\u00f3 per compte nostre amb el prop\u00f2sit de seguir la pista del vostre \u00fas del website, recopilant informes de l&#8217;activitat del website i prestant altres serveis relacionats amb l&#8217;activitat del website i l&#8217;\u00fas d&#8217;Internet. Google podr\u00e0 transmetre aquesta informaci\u00f3 a tercers quan aix\u00ed ho requereixi la legislaci\u00f3, o quan aquests tercers processin la informaci\u00f3 per compte de Google. Google no associar\u00e0 la vostra adre\u00e7a IP amb cap altra dada de qu\u00e8 disposi Google. Podeu rebutjar el tractament de les dades o la informaci\u00f3 rebutjant l&#8217;\u00fas de cookies mitjan\u00e7ant la selecci\u00f3 de la configuraci\u00f3 apropiada del vostre navegador, per\u00f2, ha de saber que si ho fa pot ser que no pugui utilitzar la plena funcionabilitat d&#8217;aquest website. En utilitzar aquest lloc web consenteix el tractament d&#8217;informaci\u00f3 sobre vost\u00e8 per Google en la forma i per als fins indicats m\u00e9s amunt.<\/p>\n<p><a href=\"http:\/\/www.google.es\/intl\/es\/analytics\/privacyoverview.html\">Pol\u00edtica de privadesa de Google Analytics<\/a><\/p>\n<p><strong>Desactivar l&#8217;\u00fas de galetes des del navegador<\/strong><\/p>\n<p>Podeu desactivar l&#8217;\u00fas de cookies mitjan\u00e7ant els controls disponibles al navegador. A les seg\u00fcents p\u00e0gines es troben les instruccions per fer-ho segons el tipus de navegador utilitzat:<\/p>\n<p><a href=\"https:\/\/support.google.com\/chrome\/answer\/95647?hl=ca\">Google Chrome<\/a><br \/>\n<a href=\"http:\/\/support.mozilla.org\/en-US\/kb\/enable-and-disable-cookies-website-preferences?redirectlocale=en-US&amp;redirectslug=Enabling+and+disabling+cookies\"> Firefox<\/a><br \/>\n<a href=\"http:\/\/support.microsoft.com\/kb\/278835\">Microsoft Internet Explorer<\/a><br \/>\n<a href=\"http:\/\/support.apple.com\/kb\/PH11913\">Safari per a Mac<\/a><br \/>\n<a href=\"http:\/\/support.apple.com\/kb\/HT1677?viewlocale=en_US&amp;locale=en_US\">Safari per a iOS (iPad, iPhone, iPod touch)<\/a><br \/>\n<a href=\"http:\/\/www.wikihow.com\/Disable-Cookies#Android_Devices\">Android<\/a><br \/>\n<a href=\"http:\/\/www.opera.com\/help\/tutorials\/security\/privacy\/\">Opera<\/a><br \/>\n<a href=\"http:\/\/docs.blackberry.com\/en\/smartphone_users\/deliverables\/32004\/Turn_off_cookies_in_the_browser_60_1072866_11.jsp\">Blackberry<\/a><\/p>\n<p align=\"justify\">Altres navegadors:\u00a0<a href=\"http:\/\/www.wikihow.com\/Disable-Cookies\">http:\/\/www.wikihow.com\/Disable-Cookies<\/a><\/ p><\/p>\n<p align=\"justify\">Si s&#8217;opta per desactivar l&#8217;\u00fas de cookies, algunes de les funcions del servei no estaran disponibles, no tindran plena funcionalitat o no s&#8217;executaran com s&#8217;espera (Per exemple: funcions de registre, inici de sessi\u00f3 , personalitzaci\u00f3 de formats, \u00fas de xarxes socials, opci\u00f3 de recordar tipus d&#8217;acc\u00e9s m\u00f2bil o web, etc.<\/p>\n\t\t\t\t\t\t\t\t<\/div>\n\t\t\t\t<\/div>\n\t\t\t\t\t<\/div>\n\t\t<\/div>\n\t\t\t\t\t<\/div>\n\t\t<\/section>\n\t\t\t\t<\/div>\n\t\t","protected":false},"excerpt":{"rendered":"<p>Pol\u00edtica de cookies En aquesta secci\u00f3 trobar\u00e0s la informaci\u00f3 sobre les cookies que es poden enviar o generar en utilitzar aquest servei, aix\u00ed com el seu \u00fas i finalitat. Aquest servei web, com la majoria dels llocs a Internet, utilitza galetes per millorar i optimitzar l&#8217;experi\u00e8ncia de l&#8217;usuari. A continuaci\u00f3 trobar\u00e0s informaci\u00f3 detallada sobre qu\u00e8 [&hellip;]<\/p>\n","protected":false},"author":2,"featured_media":0,"parent":0,"menu_order":0,"comment_status":"closed","ping_status":"closed","template":"","meta":{"footnotes":""},"class_list":["post-2773","page","type-page","status-publish","hentry"],"yoast_head":"<!-- This site is optimized with the Yoast SEO plugin v27.2 - https:\/\/yoast.com\/product\/yoast-seo-wordpress\/ -->\n<title>Pol\u00edtica de cookies &#8226; Aparthotel Giuliano<\/title>\n<meta name=\"robots\" content=\"noindex, nofollow\" \/>\n<meta property=\"og:locale\" content=\"ca_ES\" \/>\n<meta property=\"og:type\" content=\"article\" \/>\n<meta property=\"og:title\" content=\"Pol\u00edtica de cookies &#8226; Aparthotel Giuliano\" \/>\n<meta property=\"og:description\" content=\"Pol\u00edtica de cookies En aquesta secci\u00f3 trobar\u00e0s la informaci\u00f3 sobre les cookies que es poden enviar o generar en utilitzar aquest servei, aix\u00ed com el seu \u00fas i finalitat. Aquest servei web, com la majoria dels llocs a Internet, utilitza galetes per millorar i optimitzar l&#8217;experi\u00e8ncia de l&#8217;usuari. A continuaci\u00f3 trobar\u00e0s informaci\u00f3 detallada sobre qu\u00e8 [&hellip;]\" \/>\n<meta property=\"og:url\" content=\"https:\/\/www.aparthotelgiuliano.com\/ca\/politica-de-cookies\/\" \/>\n<meta property=\"og:site_name\" content=\"Aparthotel Giuliano\" \/>\n<meta name=\"twitter:card\" content=\"summary_large_image\" \/>\n<meta name=\"twitter:label1\" content=\"Temps estimat de lectura\" \/>\n\t<meta name=\"twitter:data1\" content=\"7 minuts\" \/>\n<script type=\"application\/ld+json\" class=\"yoast-schema-graph\">{\"@context\":\"https:\/\/schema.org\",\"@graph\":[{\"@type\":\"WebPage\",\"@id\":\"https:\/\/www.aparthotelgiuliano.com\/ca\/politica-de-cookies\/\",\"url\":\"https:\/\/www.aparthotelgiuliano.com\/ca\/politica-de-cookies\/\",\"name\":\"Pol\u00edtica de cookies &#8226; Aparthotel Giuliano\",\"isPartOf\":{\"@id\":\"https:\/\/www.aparthotelgiuliano.com\/ca\/#website\"},\"datePublished\":\"2024-05-14T16:15:56+00:00\",\"breadcrumb\":{\"@id\":\"https:\/\/www.aparthotelgiuliano.com\/ca\/politica-de-cookies\/#breadcrumb\"},\"inLanguage\":\"ca\",\"potentialAction\":[{\"@type\":\"ReadAction\",\"target\":[\"https:\/\/www.aparthotelgiuliano.com\/ca\/politica-de-cookies\/\"]}]},{\"@type\":\"BreadcrumbList\",\"@id\":\"https:\/\/www.aparthotelgiuliano.com\/ca\/politica-de-cookies\/#breadcrumb\",\"itemListElement\":[{\"@type\":\"ListItem\",\"position\":1,\"name\":\"Portada\",\"item\":\"https:\/\/www.aparthotelgiuliano.com\/ca\/inici\/\"},{\"@type\":\"ListItem\",\"position\":2,\"name\":\"Pol\u00edtica de cookies\"}]},{\"@type\":\"WebSite\",\"@id\":\"https:\/\/www.aparthotelgiuliano.com\/ca\/#website\",\"url\":\"https:\/\/www.aparthotelgiuliano.com\/ca\/\",\"name\":\"Aparthotel Giuliano\",\"description\":\"Aparthotel en Empuriabrava\",\"publisher\":{\"@id\":\"https:\/\/www.aparthotelgiuliano.com\/ca\/#organization\"},\"potentialAction\":[{\"@type\":\"SearchAction\",\"target\":{\"@type\":\"EntryPoint\",\"urlTemplate\":\"https:\/\/www.aparthotelgiuliano.com\/ca\/?s={search_term_string}\"},\"query-input\":{\"@type\":\"PropertyValueSpecification\",\"valueRequired\":true,\"valueName\":\"search_term_string\"}}],\"inLanguage\":\"ca\"},{\"@type\":\"Organization\",\"@id\":\"https:\/\/www.aparthotelgiuliano.com\/ca\/#organization\",\"name\":\"Hotel Albera\",\"url\":\"https:\/\/www.aparthotelgiuliano.com\/ca\/\",\"logo\":{\"@type\":\"ImageObject\",\"inLanguage\":\"ca\",\"@id\":\"https:\/\/www.aparthotelgiuliano.com\/ca\/#\/schema\/logo\/image\/\",\"url\":\"https:\/\/hotelalbera.com\/wp-content\/uploads\/2021\/09\/hotel-albera-logo.jpg\",\"contentUrl\":\"https:\/\/hotelalbera.com\/wp-content\/uploads\/2021\/09\/hotel-albera-logo.jpg\",\"width\":300,\"height\":300,\"caption\":\"Hotel Albera\"},\"image\":{\"@id\":\"https:\/\/www.aparthotelgiuliano.com\/ca\/#\/schema\/logo\/image\/\"}}]}<\/script>\n<!-- \/ Yoast SEO plugin. -->","yoast_head_json":{"title":"Pol\u00edtica de cookies &#8226; Aparthotel Giuliano","robots":{"index":"noindex","follow":"nofollow"},"og_locale":"ca_ES","og_type":"article","og_title":"Pol\u00edtica de cookies &#8226; Aparthotel Giuliano","og_description":"Pol\u00edtica de cookies En aquesta secci\u00f3 trobar\u00e0s la informaci\u00f3 sobre les cookies que es poden enviar o generar en utilitzar aquest servei, aix\u00ed com el seu \u00fas i finalitat. Aquest servei web, com la majoria dels llocs a Internet, utilitza galetes per millorar i optimitzar l&#8217;experi\u00e8ncia de l&#8217;usuari. A continuaci\u00f3 trobar\u00e0s informaci\u00f3 detallada sobre qu\u00e8 [&hellip;]","og_url":"https:\/\/www.aparthotelgiuliano.com\/ca\/politica-de-cookies\/","og_site_name":"Aparthotel Giuliano","twitter_card":"summary_large_image","twitter_misc":{"Temps estimat de lectura":"7 minuts"},"schema":{"@context":"https:\/\/schema.org","@graph":[{"@type":"WebPage","@id":"https:\/\/www.aparthotelgiuliano.com\/ca\/politica-de-cookies\/","url":"https:\/\/www.aparthotelgiuliano.com\/ca\/politica-de-cookies\/","name":"Pol\u00edtica de cookies &#8226; Aparthotel Giuliano","isPartOf":{"@id":"https:\/\/www.aparthotelgiuliano.com\/ca\/#website"},"datePublished":"2024-05-14T16:15:56+00:00","breadcrumb":{"@id":"https:\/\/www.aparthotelgiuliano.com\/ca\/politica-de-cookies\/#breadcrumb"},"inLanguage":"ca","potentialAction":[{"@type":"ReadAction","target":["https:\/\/www.aparthotelgiuliano.com\/ca\/politica-de-cookies\/"]}]},{"@type":"BreadcrumbList","@id":"https:\/\/www.aparthotelgiuliano.com\/ca\/politica-de-cookies\/#breadcrumb","itemListElement":[{"@type":"ListItem","position":1,"name":"Portada","item":"https:\/\/www.aparthotelgiuliano.com\/ca\/inici\/"},{"@type":"ListItem","position":2,"name":"Pol\u00edtica de cookies"}]},{"@type":"WebSite","@id":"https:\/\/www.aparthotelgiuliano.com\/ca\/#website","url":"https:\/\/www.aparthotelgiuliano.com\/ca\/","name":"Aparthotel Giuliano","description":"Aparthotel en Empuriabrava","publisher":{"@id":"https:\/\/www.aparthotelgiuliano.com\/ca\/#organization"},"potentialAction":[{"@type":"SearchAction","target":{"@type":"EntryPoint","urlTemplate":"https:\/\/www.aparthotelgiuliano.com\/ca\/?s={search_term_string}"},"query-input":{"@type":"PropertyValueSpecification","valueRequired":true,"valueName":"search_term_string"}}],"inLanguage":"ca"},{"@type":"Organization","@id":"https:\/\/www.aparthotelgiuliano.com\/ca\/#organization","name":"Hotel Albera","url":"https:\/\/www.aparthotelgiuliano.com\/ca\/","logo":{"@type":"ImageObject","inLanguage":"ca","@id":"https:\/\/www.aparthotelgiuliano.com\/ca\/#\/schema\/logo\/image\/","url":"https:\/\/hotelalbera.com\/wp-content\/uploads\/2021\/09\/hotel-albera-logo.jpg","contentUrl":"https:\/\/hotelalbera.com\/wp-content\/uploads\/2021\/09\/hotel-albera-logo.jpg","width":300,"height":300,"caption":"Hotel Albera"},"image":{"@id":"https:\/\/www.aparthotelgiuliano.com\/ca\/#\/schema\/logo\/image\/"}}]}},"_links":{"self":[{"href":"https:\/\/www.aparthotelgiuliano.com\/ca\/wp-json\/wp\/v2\/pages\/2773","targetHints":{"allow":["GET"]}}],"collection":[{"href":"https:\/\/www.aparthotelgiuliano.com\/ca\/wp-json\/wp\/v2\/pages"}],"about":[{"href":"https:\/\/www.aparthotelgiuliano.com\/ca\/wp-json\/wp\/v2\/types\/page"}],"author":[{"embeddable":true,"href":"https:\/\/www.aparthotelgiuliano.com\/ca\/wp-json\/wp\/v2\/users\/2"}],"replies":[{"embeddable":true,"href":"https:\/\/www.aparthotelgiuliano.com\/ca\/wp-json\/wp\/v2\/comments?post=2773"}],"version-history":[{"count":1,"href":"https:\/\/www.aparthotelgiuliano.com\/ca\/wp-json\/wp\/v2\/pages\/2773\/revisions"}],"predecessor-version":[{"id":2774,"href":"https:\/\/www.aparthotelgiuliano.com\/ca\/wp-json\/wp\/v2\/pages\/2773\/revisions\/2774"}],"wp:attachment":[{"href":"https:\/\/www.aparthotelgiuliano.com\/ca\/wp-json\/wp\/v2\/media?parent=2773"}],"curies":[{"name":"wp","href":"https:\/\/api.w.org\/{rel}","templated":true}]}}