{"id":2775,"date":"2024-05-14T18:16:54","date_gmt":"2024-05-14T16:16:54","guid":{"rendered":"https:\/\/www.aparthotelgiuliano.com\/politica-de-privacitat\/"},"modified":"2024-05-14T18:16:54","modified_gmt":"2024-05-14T16:16:54","slug":"politica-de-privacitat","status":"publish","type":"page","link":"https:\/\/www.aparthotelgiuliano.com\/ca\/politica-de-privacitat\/","title":{"rendered":"Pol\u00edtica de privacitat"},"content":{"rendered":"\t\t<div data-elementor-type=\"wp-page\" data-elementor-id=\"2775\" class=\"elementor elementor-2775 elementor-1240\" data-elementor-post-type=\"page\">\n\t\t\t\t\t\t<section class=\"elementor-section elementor-top-section elementor-element elementor-element-8388a55 elementor-section-boxed elementor-section-height-default elementor-section-height-default\" data-id=\"8388a55\" data-element_type=\"section\" data-e-type=\"section\">\n\t\t\t\t\t\t<div class=\"elementor-container elementor-column-gap-default\">\n\t\t\t\t\t<div class=\"elementor-column elementor-col-100 elementor-top-column elementor-element elementor-element-9807b00\" data-id=\"9807b00\" data-element_type=\"column\" data-e-type=\"column\">\n\t\t\t<div class=\"elementor-widget-wrap elementor-element-populated\">\n\t\t\t\t\t\t<div class=\"elementor-element elementor-element-5fd5146 elementor-widget elementor-widget-heading\" data-id=\"5fd5146\" data-element_type=\"widget\" data-e-type=\"widget\" data-widget_type=\"heading.default\">\n\t\t\t\t<div class=\"elementor-widget-container\">\n\t\t\t\t\t<h2 class=\"elementor-heading-title elementor-size-default\">Pol\u00edtica de privacitat<\/h2>\t\t\t\t<\/div>\n\t\t\t\t<\/div>\n\t\t\t\t<div class=\"elementor-element elementor-element-f21bc3d elementor-widget elementor-widget-text-editor\" data-id=\"f21bc3d\" data-element_type=\"widget\" data-e-type=\"widget\" data-widget_type=\"text-editor.default\">\n\t\t\t\t<div class=\"elementor-widget-container\">\n\t\t\t\t\t\t\t\t\t<div>1. <strong>\u00das i tractament de dades de car\u00e0cter personal<\/strong><\/div>\n<div><\/div>\n<div>RICARDO MARTIN PARRONDO PELEGRI (d&#8217;ara endavant, EL PROPIETARI DE LA WEB) us informa que les dades de car\u00e0cter personal que poguessin proporcionar-se, a trav\u00e9s del site, aix\u00ed com les que pogu\u00e9s facilitar en el futur en el marc de la seva relaci\u00f3 jur\u00eddica amb aquesta entitat, seran incorporats als fitxers titularitat d&#8217;EL PROPIETARI DEL WEB, les dades del qual consten a l&#8217;encap\u00e7alament.<\/div>\n<div><\/div>\n<div>Aquests fitxers tenen la finalitat de gestionar, administrar, prestar-li els serveis o facilitar-li els productes que sol\u00b7liciti, i si escau, per al compliment i execuci\u00f3 dels contractes que pogu\u00e9s celebrar, con\u00e8ixer millor els seus gustos, adequar els serveis als seus prefer\u00e8ncies, aix\u00ed com poder oferir nous serveis o productes i enviar informaci\u00f3 relacionada amb les activitats de EL PROPIETARI DE LA WEB, a trav\u00e9s de qualsevol mitj\u00e0, fins i tot l&#8217;electr\u00f2nic. Els destinataris de la informaci\u00f3 recollida seran, principalment, els empleats del PROPIETARI DE LA WEB.<\/div>\n<div><\/div>\n<div>Excepte en els camps en qu\u00e8 expressament es determini el contrari per mitj\u00e0 d&#8217;un asterisc (*), les respostes a les preguntes sobre dades personals s\u00f3n volunt\u00e0ries, sense que la manca de contestaci\u00f3 a aquestes preguntes impliqui una minva en la qualitat de els serveis que vost\u00e8 sol\u00b7licita. La manca d&#8217;emplenament dels camps determinats com a obligatoris o el subministrament de dades incorrectes impossibilitar\u00e0 que EL PROPIETARI DEL WEB pugui prestar-li els serveis o li faciliti els productes que sol\u00b7liciti.<\/div>\n<div><\/div>\n<div>El consentiment atorgat per al tractament de les vostres dades personals, pot ser revocat en qualsevol moment, adre\u00e7ant-vos a l&#8217;adre\u00e7a d&#8217;EL PROPIETARI DE LA WEB oa trav\u00e9s del correu electr\u00f2nic info@aparthotelgiuliano.com<\/div>\n<div><\/div>\n<div>Els usuaris garanteixen i responen, en qualsevol cas, de l&#8217;exactitud, vig\u00e8ncia i autenticitat de les dades personals facilitades i es comprometen a mantenir-les degudament actualitzades.<\/div>\n<div><\/div>\n<div>2. <strong>Exercici de drets: acc\u00e9s, rectificaci\u00f3, cancel\u00b7laci\u00f3 i oposici\u00f3<\/strong><\/div>\n<div><\/div>\n<div>Aquelles persones f\u00edsiques que hagin facilitat les dades al PROPIETARI DE LA WEB podran exercitar gratu\u00eftament els drets d&#8217;acc\u00e9s, rectificaci\u00f3, cancel\u00b7laci\u00f3 i oposici\u00f3 respecte de les dades incorporades als fitxers d&#8217;EL PROPIETARI DE LA WEB<\/div>\n<div><\/div>\n<div>Donat el car\u00e0cter confidencial de la informaci\u00f3, vost\u00e8 no podr\u00e0 exercitar els seus drets telef\u00f2nicament, ho ha de sol\u00b7licitar per qualsevol mitj\u00e0 que deixi const\u00e0ncia del seu enviament i de la seva recepci\u00f3 i remetre c\u00f2pia del DNI o document equivalent.<\/div>\n<div><\/div>\n<div>L&#8217;interessat podr\u00e0 exercitar els seus drets mitjan\u00e7ant comunicaci\u00f3 per escrit adre\u00e7ada al PROPIETARI DE LA WEB a l&#8217;adre\u00e7a indicada a l&#8217;inici oa l&#8217;adre\u00e7a de correu electr\u00f2nic info@aparthotelgiuliano.com<\/div>\n<div><\/div>\n<div>3. <strong>Mesures de seguretat<\/strong><\/div>\n<div><\/div>\n<div>EL PROPIETARI DE LA WEB us informa que t\u00e9 implantades les mesures de seguretat d&#8217;\u00edndole t\u00e8cnica i organitzatives necess\u00e0ries per garantir la seguretat de les vostres dades de car\u00e0cter personal i evitar la vostra alteraci\u00f3, p\u00e8rdua i tractament i\/o acc\u00e9s no autoritzat, tenint en compte de l&#8217;estat de la tecnologia, la naturalesa de les dades emmagatzemades i els riscos a qu\u00e8 estan exposats, ja provinguin de l&#8217;acci\u00f3 humana o del medi f\u00edsic o natural.<\/div>\n<div><\/div>\n<div>L&#8217;usuari ha de ser conscient que les mesures de seguretat a Internet no s\u00f3n inexpugnables i enterament fiables i que EL PROPIETARI DEL WEB no pot garantir la inexist\u00e8ncia de virus o altres elements que poguessin produir alteracions als sistemes inform\u00e0tics (programari i maquinari) de l&#8217;usuari.<\/div>\n<div><\/div>\n<div>4. <strong>Menors d&#8217;edat<\/strong><\/div>\n<div><\/div>\n<div>En cas que algun dels serveis i productes vagin dirigits a menors de 14 anys. EL PROPIETARI DE LA WEB sol\u00b7licitar\u00e0 el consentiment dels pares o tutors per a la recollida de les dades personals del menor.<\/div>\n<div><\/div>\n<div>EL PROPIETARI DE LA WEB no respon de les dades de menors que sense poder con\u00e8ixer EL PROPIETARI DE LA WEB aquest fet s&#8217;hagi facilitat sense el consentiment dels pares o tutors.<\/div>\n<div><\/div>\n<div>5. <strong>Modificaci\u00f3 de la pol\u00edtica de privadesa<\/strong><\/div>\n<div><\/div>\n<div>EL PROPIETARI DE LA WEB es reserva el dret a modificar la seva Pol\u00edtica de Privadesa, d&#8217;acord amb el seu propi criteri, o motivat per un canvi doctrinal de l&#8217;Autoritat competent en Protecci\u00f3 de Dades, legislatiu o jurisprudencial. Qualsevol modificaci\u00f3 de la Pol\u00edtica de Privadesa ser\u00e0 publicada, abans de la seva efectiva aplicaci\u00f3. L&#8217;\u00fas del web despr\u00e9s d&#8217;aquests canvis implicar\u00e0 l&#8217;acceptaci\u00f3 d&#8217;aquests.<\/div>\n<div><\/div>\n<div>6. <strong>Legislaci\u00f3 aplicable<\/strong><\/div>\n<div><\/div>\n<div>Qualsevol controversia que derivi de l&#8217;\u00fas d&#8217;aquest site, ser\u00e0 regida, interpretada i sotmesa d&#8217;acord amb les lleis d&#8217;Espanya.<\/div>\n\t\t\t\t\t\t\t\t<\/div>\n\t\t\t\t<\/div>\n\t\t\t\t\t<\/div>\n\t\t<\/div>\n\t\t\t\t\t<\/div>\n\t\t<\/section>\n\t\t\t\t<\/div>\n\t\t","protected":false},"excerpt":{"rendered":"<p>Pol\u00edtica de privacitat 1. \u00das i tractament de dades de car\u00e0cter personal RICARDO MARTIN PARRONDO PELEGRI (d&#8217;ara endavant, EL PROPIETARI DE LA WEB) us informa que les dades de car\u00e0cter personal que poguessin proporcionar-se, a trav\u00e9s del site, aix\u00ed com les que pogu\u00e9s facilitar en el futur en el marc de la seva relaci\u00f3 jur\u00eddica [&hellip;]<\/p>\n","protected":false},"author":2,"featured_media":0,"parent":0,"menu_order":0,"comment_status":"closed","ping_status":"closed","template":"","meta":{"footnotes":""},"class_list":["post-2775","page","type-page","status-publish","hentry"],"yoast_head":"<!-- This site is optimized with the Yoast SEO plugin v27.2 - https:\/\/yoast.com\/product\/yoast-seo-wordpress\/ -->\n<title>Pol\u00edtica de privacitat &#8226; Aparthotel Giuliano<\/title>\n<meta name=\"robots\" content=\"noindex, nofollow\" \/>\n<meta property=\"og:locale\" content=\"ca_ES\" \/>\n<meta property=\"og:type\" content=\"article\" \/>\n<meta property=\"og:title\" content=\"Pol\u00edtica de privacitat &#8226; Aparthotel Giuliano\" \/>\n<meta property=\"og:description\" content=\"Pol\u00edtica de privacitat 1. \u00das i tractament de dades de car\u00e0cter personal RICARDO MARTIN PARRONDO PELEGRI (d&#8217;ara endavant, EL PROPIETARI DE LA WEB) us informa que les dades de car\u00e0cter personal que poguessin proporcionar-se, a trav\u00e9s del site, aix\u00ed com les que pogu\u00e9s facilitar en el futur en el marc de la seva relaci\u00f3 jur\u00eddica [&hellip;]\" \/>\n<meta property=\"og:url\" content=\"https:\/\/www.aparthotelgiuliano.com\/ca\/politica-de-privacitat\/\" \/>\n<meta property=\"og:site_name\" content=\"Aparthotel Giuliano\" \/>\n<meta name=\"twitter:card\" content=\"summary_large_image\" \/>\n<meta name=\"twitter:label1\" content=\"Temps estimat de lectura\" \/>\n\t<meta name=\"twitter:data1\" content=\"4 minuts\" \/>\n<script type=\"application\/ld+json\" class=\"yoast-schema-graph\">{\"@context\":\"https:\/\/schema.org\",\"@graph\":[{\"@type\":\"WebPage\",\"@id\":\"https:\/\/www.aparthotelgiuliano.com\/ca\/politica-de-privacitat\/\",\"url\":\"https:\/\/www.aparthotelgiuliano.com\/ca\/politica-de-privacitat\/\",\"name\":\"Pol\u00edtica de privacitat &#8226; Aparthotel Giuliano\",\"isPartOf\":{\"@id\":\"https:\/\/www.aparthotelgiuliano.com\/ca\/#website\"},\"datePublished\":\"2024-05-14T16:16:54+00:00\",\"breadcrumb\":{\"@id\":\"https:\/\/www.aparthotelgiuliano.com\/ca\/politica-de-privacitat\/#breadcrumb\"},\"inLanguage\":\"ca\",\"potentialAction\":[{\"@type\":\"ReadAction\",\"target\":[\"https:\/\/www.aparthotelgiuliano.com\/ca\/politica-de-privacitat\/\"]}]},{\"@type\":\"BreadcrumbList\",\"@id\":\"https:\/\/www.aparthotelgiuliano.com\/ca\/politica-de-privacitat\/#breadcrumb\",\"itemListElement\":[{\"@type\":\"ListItem\",\"position\":1,\"name\":\"Portada\",\"item\":\"https:\/\/www.aparthotelgiuliano.com\/ca\/inici\/\"},{\"@type\":\"ListItem\",\"position\":2,\"name\":\"Pol\u00edtica de privacitat\"}]},{\"@type\":\"WebSite\",\"@id\":\"https:\/\/www.aparthotelgiuliano.com\/ca\/#website\",\"url\":\"https:\/\/www.aparthotelgiuliano.com\/ca\/\",\"name\":\"Aparthotel Giuliano\",\"description\":\"Aparthotel en Empuriabrava\",\"publisher\":{\"@id\":\"https:\/\/www.aparthotelgiuliano.com\/ca\/#organization\"},\"potentialAction\":[{\"@type\":\"SearchAction\",\"target\":{\"@type\":\"EntryPoint\",\"urlTemplate\":\"https:\/\/www.aparthotelgiuliano.com\/ca\/?s={search_term_string}\"},\"query-input\":{\"@type\":\"PropertyValueSpecification\",\"valueRequired\":true,\"valueName\":\"search_term_string\"}}],\"inLanguage\":\"ca\"},{\"@type\":\"Organization\",\"@id\":\"https:\/\/www.aparthotelgiuliano.com\/ca\/#organization\",\"name\":\"Hotel Albera\",\"url\":\"https:\/\/www.aparthotelgiuliano.com\/ca\/\",\"logo\":{\"@type\":\"ImageObject\",\"inLanguage\":\"ca\",\"@id\":\"https:\/\/www.aparthotelgiuliano.com\/ca\/#\/schema\/logo\/image\/\",\"url\":\"https:\/\/hotelalbera.com\/wp-content\/uploads\/2021\/09\/hotel-albera-logo.jpg\",\"contentUrl\":\"https:\/\/hotelalbera.com\/wp-content\/uploads\/2021\/09\/hotel-albera-logo.jpg\",\"width\":300,\"height\":300,\"caption\":\"Hotel Albera\"},\"image\":{\"@id\":\"https:\/\/www.aparthotelgiuliano.com\/ca\/#\/schema\/logo\/image\/\"}}]}<\/script>\n<!-- \/ Yoast SEO plugin. -->","yoast_head_json":{"title":"Pol\u00edtica de privacitat &#8226; Aparthotel Giuliano","robots":{"index":"noindex","follow":"nofollow"},"og_locale":"ca_ES","og_type":"article","og_title":"Pol\u00edtica de privacitat &#8226; Aparthotel Giuliano","og_description":"Pol\u00edtica de privacitat 1. \u00das i tractament de dades de car\u00e0cter personal RICARDO MARTIN PARRONDO PELEGRI (d&#8217;ara endavant, EL PROPIETARI DE LA WEB) us informa que les dades de car\u00e0cter personal que poguessin proporcionar-se, a trav\u00e9s del site, aix\u00ed com les que pogu\u00e9s facilitar en el futur en el marc de la seva relaci\u00f3 jur\u00eddica [&hellip;]","og_url":"https:\/\/www.aparthotelgiuliano.com\/ca\/politica-de-privacitat\/","og_site_name":"Aparthotel Giuliano","twitter_card":"summary_large_image","twitter_misc":{"Temps estimat de lectura":"4 minuts"},"schema":{"@context":"https:\/\/schema.org","@graph":[{"@type":"WebPage","@id":"https:\/\/www.aparthotelgiuliano.com\/ca\/politica-de-privacitat\/","url":"https:\/\/www.aparthotelgiuliano.com\/ca\/politica-de-privacitat\/","name":"Pol\u00edtica de privacitat &#8226; Aparthotel Giuliano","isPartOf":{"@id":"https:\/\/www.aparthotelgiuliano.com\/ca\/#website"},"datePublished":"2024-05-14T16:16:54+00:00","breadcrumb":{"@id":"https:\/\/www.aparthotelgiuliano.com\/ca\/politica-de-privacitat\/#breadcrumb"},"inLanguage":"ca","potentialAction":[{"@type":"ReadAction","target":["https:\/\/www.aparthotelgiuliano.com\/ca\/politica-de-privacitat\/"]}]},{"@type":"BreadcrumbList","@id":"https:\/\/www.aparthotelgiuliano.com\/ca\/politica-de-privacitat\/#breadcrumb","itemListElement":[{"@type":"ListItem","position":1,"name":"Portada","item":"https:\/\/www.aparthotelgiuliano.com\/ca\/inici\/"},{"@type":"ListItem","position":2,"name":"Pol\u00edtica de privacitat"}]},{"@type":"WebSite","@id":"https:\/\/www.aparthotelgiuliano.com\/ca\/#website","url":"https:\/\/www.aparthotelgiuliano.com\/ca\/","name":"Aparthotel Giuliano","description":"Aparthotel en Empuriabrava","publisher":{"@id":"https:\/\/www.aparthotelgiuliano.com\/ca\/#organization"},"potentialAction":[{"@type":"SearchAction","target":{"@type":"EntryPoint","urlTemplate":"https:\/\/www.aparthotelgiuliano.com\/ca\/?s={search_term_string}"},"query-input":{"@type":"PropertyValueSpecification","valueRequired":true,"valueName":"search_term_string"}}],"inLanguage":"ca"},{"@type":"Organization","@id":"https:\/\/www.aparthotelgiuliano.com\/ca\/#organization","name":"Hotel Albera","url":"https:\/\/www.aparthotelgiuliano.com\/ca\/","logo":{"@type":"ImageObject","inLanguage":"ca","@id":"https:\/\/www.aparthotelgiuliano.com\/ca\/#\/schema\/logo\/image\/","url":"https:\/\/hotelalbera.com\/wp-content\/uploads\/2021\/09\/hotel-albera-logo.jpg","contentUrl":"https:\/\/hotelalbera.com\/wp-content\/uploads\/2021\/09\/hotel-albera-logo.jpg","width":300,"height":300,"caption":"Hotel Albera"},"image":{"@id":"https:\/\/www.aparthotelgiuliano.com\/ca\/#\/schema\/logo\/image\/"}}]}},"_links":{"self":[{"href":"https:\/\/www.aparthotelgiuliano.com\/ca\/wp-json\/wp\/v2\/pages\/2775","targetHints":{"allow":["GET"]}}],"collection":[{"href":"https:\/\/www.aparthotelgiuliano.com\/ca\/wp-json\/wp\/v2\/pages"}],"about":[{"href":"https:\/\/www.aparthotelgiuliano.com\/ca\/wp-json\/wp\/v2\/types\/page"}],"author":[{"embeddable":true,"href":"https:\/\/www.aparthotelgiuliano.com\/ca\/wp-json\/wp\/v2\/users\/2"}],"replies":[{"embeddable":true,"href":"https:\/\/www.aparthotelgiuliano.com\/ca\/wp-json\/wp\/v2\/comments?post=2775"}],"version-history":[{"count":1,"href":"https:\/\/www.aparthotelgiuliano.com\/ca\/wp-json\/wp\/v2\/pages\/2775\/revisions"}],"predecessor-version":[{"id":2776,"href":"https:\/\/www.aparthotelgiuliano.com\/ca\/wp-json\/wp\/v2\/pages\/2775\/revisions\/2776"}],"wp:attachment":[{"href":"https:\/\/www.aparthotelgiuliano.com\/ca\/wp-json\/wp\/v2\/media?parent=2775"}],"curies":[{"name":"wp","href":"https:\/\/api.w.org\/{rel}","templated":true}]}}