{"id":2939,"date":"2024-05-14T18:57:47","date_gmt":"2024-05-14T16:57:47","guid":{"rendered":"https:\/\/www.aparthotelgiuliano.com\/avis-juridique\/"},"modified":"2025-03-29T19:56:27","modified_gmt":"2025-03-29T17:56:27","slug":"avis-juridique","status":"publish","type":"page","link":"https:\/\/www.aparthotelgiuliano.com\/fr\/avis-juridique\/","title":{"rendered":"Avis juridique"},"content":{"rendered":"\t\t<div data-elementor-type=\"wp-page\" data-elementor-id=\"2939\" class=\"elementor elementor-2939 elementor-992\" data-elementor-post-type=\"page\">\n\t\t\t\t\t\t<section class=\"elementor-section elementor-top-section elementor-element elementor-element-8388a55 elementor-section-boxed elementor-section-height-default elementor-section-height-default\" data-id=\"8388a55\" data-element_type=\"section\" data-e-type=\"section\">\n\t\t\t\t\t\t<div class=\"elementor-container elementor-column-gap-default\">\n\t\t\t\t\t<div class=\"elementor-column elementor-col-100 elementor-top-column elementor-element elementor-element-9807b00\" data-id=\"9807b00\" data-element_type=\"column\" data-e-type=\"column\">\n\t\t\t<div class=\"elementor-widget-wrap elementor-element-populated\">\n\t\t\t\t\t\t<div class=\"elementor-element elementor-element-5fd5146 elementor-widget elementor-widget-heading\" data-id=\"5fd5146\" data-element_type=\"widget\" data-e-type=\"widget\" data-widget_type=\"heading.default\">\n\t\t\t\t<div class=\"elementor-widget-container\">\n\t\t\t\t\t<h2 class=\"elementor-heading-title elementor-size-default\">Avis juridique<\/h2>\t\t\t\t<\/div>\n\t\t\t\t<\/div>\n\t\t\t\t<div class=\"elementor-element elementor-element-f21bc3d elementor-widget elementor-widget-text-editor\" data-id=\"f21bc3d\" data-element_type=\"widget\" data-e-type=\"widget\" data-widget_type=\"text-editor.default\">\n\t\t\t\t<div class=\"elementor-widget-container\">\n\t\t\t\t\t\t\t\t\t<p>Le propri\u00e9taire de ce site Web est Parrondo agudo SL, de N.I.F. B70970678, avec adresse Tamariu 7, 17487 Empuriabrava (Girona).<\/p>\n<p>L&rsquo;acc\u00e8s au site www.aparthotelgiuliano.com est gratuit. Tout le contenu est la propri\u00e9t\u00e9 intellectuelle de Parrondo agudo SL. Toute utilisation contraire aux r\u00e8gles en mati\u00e8re de propri\u00e9t\u00e9 intellectuelle sera poursuivie conform\u00e9ment \u00e0 la l\u00e9gislation en vigueur.<\/p>\n\t\t\t\t\t\t\t\t<\/div>\n\t\t\t\t<\/div>\n\t\t\t\t\t<\/div>\n\t\t<\/div>\n\t\t\t\t\t<\/div>\n\t\t<\/section>\n\t\t\t\t<\/div>\n\t\t","protected":false},"excerpt":{"rendered":"<p>Avis juridique Le propri\u00e9taire de ce site Web est Parrondo agudo SL, de N.I.F. B70970678, avec adresse Tamariu 7, 17487 Empuriabrava (Girona). L&rsquo;acc\u00e8s au site www.aparthotelgiuliano.com est gratuit. Tout le contenu est la propri\u00e9t\u00e9 intellectuelle de Parrondo agudo SL. Toute utilisation contraire aux r\u00e8gles en mati\u00e8re de propri\u00e9t\u00e9 intellectuelle sera poursuivie conform\u00e9ment \u00e0 la l\u00e9gislation [&hellip;]<\/p>\n","protected":false},"author":2,"featured_media":0,"parent":0,"menu_order":0,"comment_status":"closed","ping_status":"closed","template":"","meta":{"footnotes":""},"class_list":["post-2939","page","type-page","status-publish","hentry"],"yoast_head":"<!-- This site is optimized with the Yoast SEO plugin v27.2 - https:\/\/yoast.com\/product\/yoast-seo-wordpress\/ -->\n<title>Avis juridique &#8226; Aparthotel Giuliano<\/title>\n<meta name=\"robots\" content=\"noindex, nofollow\" \/>\n<meta property=\"og:locale\" content=\"fr_FR\" \/>\n<meta property=\"og:type\" content=\"article\" \/>\n<meta property=\"og:title\" content=\"Avis juridique &#8226; Aparthotel Giuliano\" \/>\n<meta property=\"og:description\" content=\"Avis juridique Le propri\u00e9taire de ce site Web est Parrondo agudo SL, de N.I.F. B70970678, avec adresse Tamariu 7, 17487 Empuriabrava (Girona). L&rsquo;acc\u00e8s au site www.aparthotelgiuliano.com est gratuit. Tout le contenu est la propri\u00e9t\u00e9 intellectuelle de Parrondo agudo SL. Toute utilisation contraire aux r\u00e8gles en mati\u00e8re de propri\u00e9t\u00e9 intellectuelle sera poursuivie conform\u00e9ment \u00e0 la l\u00e9gislation [&hellip;]\" \/>\n<meta property=\"og:url\" content=\"https:\/\/www.aparthotelgiuliano.com\/fr\/avis-juridique\/\" \/>\n<meta property=\"og:site_name\" content=\"Aparthotel Giuliano\" \/>\n<meta property=\"article:modified_time\" content=\"2025-03-29T17:56:27+00:00\" \/>\n<meta name=\"twitter:card\" content=\"summary_large_image\" \/>\n<script type=\"application\/ld+json\" class=\"yoast-schema-graph\">{\"@context\":\"https:\/\/schema.org\",\"@graph\":[{\"@type\":\"WebPage\",\"@id\":\"https:\/\/www.aparthotelgiuliano.com\/fr\/avis-juridique\/\",\"url\":\"https:\/\/www.aparthotelgiuliano.com\/fr\/avis-juridique\/\",\"name\":\"Avis juridique &#8226; Aparthotel Giuliano\",\"isPartOf\":{\"@id\":\"https:\/\/www.aparthotelgiuliano.com\/fr\/#website\"},\"datePublished\":\"2024-05-14T16:57:47+00:00\",\"dateModified\":\"2025-03-29T17:56:27+00:00\",\"breadcrumb\":{\"@id\":\"https:\/\/www.aparthotelgiuliano.com\/fr\/avis-juridique\/#breadcrumb\"},\"inLanguage\":\"fr-FR\",\"potentialAction\":[{\"@type\":\"ReadAction\",\"target\":[\"https:\/\/www.aparthotelgiuliano.com\/fr\/avis-juridique\/\"]}]},{\"@type\":\"BreadcrumbList\",\"@id\":\"https:\/\/www.aparthotelgiuliano.com\/fr\/avis-juridique\/#breadcrumb\",\"itemListElement\":[{\"@type\":\"ListItem\",\"position\":1,\"name\":\"Portada\",\"item\":\"https:\/\/www.aparthotelgiuliano.com\/fr\/debut\/\"},{\"@type\":\"ListItem\",\"position\":2,\"name\":\"Avis juridique\"}]},{\"@type\":\"WebSite\",\"@id\":\"https:\/\/www.aparthotelgiuliano.com\/fr\/#website\",\"url\":\"https:\/\/www.aparthotelgiuliano.com\/fr\/\",\"name\":\"Aparthotel Giuliano\",\"description\":\"Aparthotel en Empuriabrava\",\"publisher\":{\"@id\":\"https:\/\/www.aparthotelgiuliano.com\/fr\/#organization\"},\"potentialAction\":[{\"@type\":\"SearchAction\",\"target\":{\"@type\":\"EntryPoint\",\"urlTemplate\":\"https:\/\/www.aparthotelgiuliano.com\/fr\/?s={search_term_string}\"},\"query-input\":{\"@type\":\"PropertyValueSpecification\",\"valueRequired\":true,\"valueName\":\"search_term_string\"}}],\"inLanguage\":\"fr-FR\"},{\"@type\":\"Organization\",\"@id\":\"https:\/\/www.aparthotelgiuliano.com\/fr\/#organization\",\"name\":\"Hotel Albera\",\"url\":\"https:\/\/www.aparthotelgiuliano.com\/fr\/\",\"logo\":{\"@type\":\"ImageObject\",\"inLanguage\":\"fr-FR\",\"@id\":\"https:\/\/www.aparthotelgiuliano.com\/fr\/#\/schema\/logo\/image\/\",\"url\":\"https:\/\/hotelalbera.com\/wp-content\/uploads\/2021\/09\/hotel-albera-logo.jpg\",\"contentUrl\":\"https:\/\/hotelalbera.com\/wp-content\/uploads\/2021\/09\/hotel-albera-logo.jpg\",\"width\":300,\"height\":300,\"caption\":\"Hotel Albera\"},\"image\":{\"@id\":\"https:\/\/www.aparthotelgiuliano.com\/fr\/#\/schema\/logo\/image\/\"}}]}<\/script>\n<!-- \/ Yoast SEO plugin. -->","yoast_head_json":{"title":"Avis juridique &#8226; Aparthotel Giuliano","robots":{"index":"noindex","follow":"nofollow"},"og_locale":"fr_FR","og_type":"article","og_title":"Avis juridique &#8226; Aparthotel Giuliano","og_description":"Avis juridique Le propri\u00e9taire de ce site Web est Parrondo agudo SL, de N.I.F. B70970678, avec adresse Tamariu 7, 17487 Empuriabrava (Girona). L&rsquo;acc\u00e8s au site www.aparthotelgiuliano.com est gratuit. Tout le contenu est la propri\u00e9t\u00e9 intellectuelle de Parrondo agudo SL. Toute utilisation contraire aux r\u00e8gles en mati\u00e8re de propri\u00e9t\u00e9 intellectuelle sera poursuivie conform\u00e9ment \u00e0 la l\u00e9gislation [&hellip;]","og_url":"https:\/\/www.aparthotelgiuliano.com\/fr\/avis-juridique\/","og_site_name":"Aparthotel Giuliano","article_modified_time":"2025-03-29T17:56:27+00:00","twitter_card":"summary_large_image","schema":{"@context":"https:\/\/schema.org","@graph":[{"@type":"WebPage","@id":"https:\/\/www.aparthotelgiuliano.com\/fr\/avis-juridique\/","url":"https:\/\/www.aparthotelgiuliano.com\/fr\/avis-juridique\/","name":"Avis juridique &#8226; Aparthotel Giuliano","isPartOf":{"@id":"https:\/\/www.aparthotelgiuliano.com\/fr\/#website"},"datePublished":"2024-05-14T16:57:47+00:00","dateModified":"2025-03-29T17:56:27+00:00","breadcrumb":{"@id":"https:\/\/www.aparthotelgiuliano.com\/fr\/avis-juridique\/#breadcrumb"},"inLanguage":"fr-FR","potentialAction":[{"@type":"ReadAction","target":["https:\/\/www.aparthotelgiuliano.com\/fr\/avis-juridique\/"]}]},{"@type":"BreadcrumbList","@id":"https:\/\/www.aparthotelgiuliano.com\/fr\/avis-juridique\/#breadcrumb","itemListElement":[{"@type":"ListItem","position":1,"name":"Portada","item":"https:\/\/www.aparthotelgiuliano.com\/fr\/debut\/"},{"@type":"ListItem","position":2,"name":"Avis juridique"}]},{"@type":"WebSite","@id":"https:\/\/www.aparthotelgiuliano.com\/fr\/#website","url":"https:\/\/www.aparthotelgiuliano.com\/fr\/","name":"Aparthotel Giuliano","description":"Aparthotel en Empuriabrava","publisher":{"@id":"https:\/\/www.aparthotelgiuliano.com\/fr\/#organization"},"potentialAction":[{"@type":"SearchAction","target":{"@type":"EntryPoint","urlTemplate":"https:\/\/www.aparthotelgiuliano.com\/fr\/?s={search_term_string}"},"query-input":{"@type":"PropertyValueSpecification","valueRequired":true,"valueName":"search_term_string"}}],"inLanguage":"fr-FR"},{"@type":"Organization","@id":"https:\/\/www.aparthotelgiuliano.com\/fr\/#organization","name":"Hotel Albera","url":"https:\/\/www.aparthotelgiuliano.com\/fr\/","logo":{"@type":"ImageObject","inLanguage":"fr-FR","@id":"https:\/\/www.aparthotelgiuliano.com\/fr\/#\/schema\/logo\/image\/","url":"https:\/\/hotelalbera.com\/wp-content\/uploads\/2021\/09\/hotel-albera-logo.jpg","contentUrl":"https:\/\/hotelalbera.com\/wp-content\/uploads\/2021\/09\/hotel-albera-logo.jpg","width":300,"height":300,"caption":"Hotel Albera"},"image":{"@id":"https:\/\/www.aparthotelgiuliano.com\/fr\/#\/schema\/logo\/image\/"}}]}},"_links":{"self":[{"href":"https:\/\/www.aparthotelgiuliano.com\/fr\/wp-json\/wp\/v2\/pages\/2939","targetHints":{"allow":["GET"]}}],"collection":[{"href":"https:\/\/www.aparthotelgiuliano.com\/fr\/wp-json\/wp\/v2\/pages"}],"about":[{"href":"https:\/\/www.aparthotelgiuliano.com\/fr\/wp-json\/wp\/v2\/types\/page"}],"author":[{"embeddable":true,"href":"https:\/\/www.aparthotelgiuliano.com\/fr\/wp-json\/wp\/v2\/users\/2"}],"replies":[{"embeddable":true,"href":"https:\/\/www.aparthotelgiuliano.com\/fr\/wp-json\/wp\/v2\/comments?post=2939"}],"version-history":[{"count":2,"href":"https:\/\/www.aparthotelgiuliano.com\/fr\/wp-json\/wp\/v2\/pages\/2939\/revisions"}],"predecessor-version":[{"id":3260,"href":"https:\/\/www.aparthotelgiuliano.com\/fr\/wp-json\/wp\/v2\/pages\/2939\/revisions\/3260"}],"wp:attachment":[{"href":"https:\/\/www.aparthotelgiuliano.com\/fr\/wp-json\/wp\/v2\/media?parent=2939"}],"curies":[{"name":"wp","href":"https:\/\/api.w.org\/{rel}","templated":true}]}}