{"id":2958,"date":"2024-05-14T19:03:49","date_gmt":"2024-05-14T17:03:49","guid":{"rendered":"https:\/\/www.aparthotelgiuliano.com\/politique-de-cookies\/"},"modified":"2024-05-14T19:03:49","modified_gmt":"2024-05-14T17:03:49","slug":"politique-de-cookies","status":"publish","type":"page","link":"https:\/\/www.aparthotelgiuliano.com\/fr\/politique-de-cookies\/","title":{"rendered":"Politique de cookies"},"content":{"rendered":"\t\t<div data-elementor-type=\"wp-page\" data-elementor-id=\"2958\" class=\"elementor elementor-2958 elementor-1245\" data-elementor-post-type=\"page\">\n\t\t\t\t\t\t<section class=\"elementor-section elementor-top-section elementor-element elementor-element-8388a55 elementor-section-boxed elementor-section-height-default elementor-section-height-default\" data-id=\"8388a55\" data-element_type=\"section\" data-e-type=\"section\">\n\t\t\t\t\t\t<div class=\"elementor-container elementor-column-gap-default\">\n\t\t\t\t\t<div class=\"elementor-column elementor-col-100 elementor-top-column elementor-element elementor-element-9807b00\" data-id=\"9807b00\" data-element_type=\"column\" data-e-type=\"column\">\n\t\t\t<div class=\"elementor-widget-wrap elementor-element-populated\">\n\t\t\t\t\t\t<div class=\"elementor-element elementor-element-5fd5146 elementor-widget elementor-widget-heading\" data-id=\"5fd5146\" data-element_type=\"widget\" data-e-type=\"widget\" data-widget_type=\"heading.default\">\n\t\t\t\t<div class=\"elementor-widget-container\">\n\t\t\t\t\t<h2 class=\"elementor-heading-title elementor-size-default\">Politique de cookies<\/h2>\t\t\t\t<\/div>\n\t\t\t\t<\/div>\n\t\t\t\t<div class=\"elementor-element elementor-element-f21bc3d elementor-widget elementor-widget-text-editor\" data-id=\"f21bc3d\" data-element_type=\"widget\" data-e-type=\"widget\" data-widget_type=\"text-editor.default\">\n\t\t\t\t<div class=\"elementor-widget-container\">\n\t\t\t\t\t\t\t\t\t<p align=\"justify\">Dans cette section, vous trouverez des informations sur les cookies qui peuvent \u00eatre envoy\u00e9s ou g\u00e9n\u00e9r\u00e9s lors de l&rsquo;utilisation de ce service, ainsi que leur utilisation et leur finalit\u00e9.<\/p>\n<p>Ce service Web, comme la plupart des sites Internet, utilise des cookies pour am\u00e9liorer et optimiser l&rsquo;exp\u00e9rience utilisateur. Vous trouverez ci-dessous des informations d\u00e9taill\u00e9es sur ce que sont les \u00ab cookies \u00bb, le type utilis\u00e9 par ce site Web, comment vous pouvez les d\u00e9sactiver dans votre navigateur et comment bloquer sp\u00e9cifiquement l&rsquo;installation de cookies tiers.<\/p>\n<p><strong>Que sont les cookies et comment ce site Web les utilise-t-il\u00a0?<\/strong><\/p>\n<p>Les cookies sont des fichiers que le site Internet ou l&rsquo;application que vous utilisez installe dans votre navigateur ou sur votre appareil (smartphone, tablette ou t\u00e9l\u00e9vision connect\u00e9e) lors de votre visite des pages ou de l&rsquo;application et servent \u00e0 stocker des informations relatives \u00e0 votre visite. Comme la plupart des sites Internet, ce site Web utilise des cookies pour\u00a0:<\/p>\n<p>\u2013 S\u2019assurer que les pages Web peuvent fonctionner correctement<br \/>\n\u2013 Enregistrez vos pr\u00e9f\u00e9rences, comme la langue que vous avez s\u00e9lectionn\u00e9e ou la taille de la police.<br \/>\n\u2013 Connaissez votre exp\u00e9rience de navigation.<br \/>\n\u2013 Collectez des informations statistiques anonymes, telles que les pages que vous avez consult\u00e9es ou depuis combien de temps vous \u00eates sur nos m\u00e9dias.<br \/>\n\u2013 L\u2019utilisation de Cookies nous permet d\u2019optimiser votre navigation, en adaptant les informations et les services propos\u00e9s \u00e0 vos int\u00e9r\u00eats, pour vous offrir une meilleure exp\u00e9rience chaque fois que vous nous visitez.<\/p>\n<p>Ce site utilise des Cookies pour fonctionner, adapter et faciliter au maximum la navigation de l&rsquo;Utilisateur.<\/p>\n<p>Les cookies sont uniquement associ\u00e9s \u00e0 un utilisateur anonyme et \u00e0 son ordinateur\/appareil et ne fournissent pas de r\u00e9f\u00e9rences nous permettant de conna\u00eetre des donn\u00e9es personnelles. A tout moment, vous pouvez acc\u00e9der aux param\u00e8tres de votre navigateur pour modifier et\/ou bloquer l&rsquo;installation des Cookies envoy\u00e9s, sans emp\u00eacher l&rsquo;acc\u00e8s au contenu. Toutefois, la qualit\u00e9 du fonctionnement des Services peut en \u00eatre affect\u00e9e.<\/p>\n<p>Les utilisateurs qui terminent le processus d&rsquo;inscription ou se sont connect\u00e9s avec leurs donn\u00e9es d&rsquo;acc\u00e8s pourront acc\u00e9der \u00e0 des services personnalis\u00e9s adapt\u00e9s \u00e0 leurs pr\u00e9f\u00e9rences en fonction des informations personnelles fournies au moment de l&rsquo;inscription et stock\u00e9es dans le Cookie de leur navigateur.<\/p>\n<p><strong>Quelle est son importance<\/strong><strong>\u00a0?<\/strong><\/p>\n<p>\u2013 D&rsquo;un point de vue technique, ils permettent aux sites Web de fonctionner de mani\u00e8re plus agile et adapt\u00e9e aux pr\u00e9f\u00e9rences de l&rsquo;utilisateur, comme stocker la langue, la devise du pays ou d\u00e9tecter le dispositif d&rsquo;acc\u00e8s.<br \/>\n\u2013 Ils \u00e9tablissent des niveaux de protection et de s\u00e9curit\u00e9 qui pr\u00e9viennent ou entravent les cyberattaques contre le site Internet ou ses utilisateurs.<br \/>\n\u2013 Ils permettent aux gestionnaires de m\u00e9dias de conna\u00eetre les donn\u00e9es statistiques collect\u00e9es dans les Cookies pour am\u00e9liorer la qualit\u00e9 et l\u2019exp\u00e9rience de leurs services.<br \/>\n\u2013 Ils servent \u00e0 optimiser la publicit\u00e9 que nous montrons aux utilisateurs, en leur proposant celle qui correspond le mieux \u00e0 leurs int\u00e9r\u00eats.<\/p>\n<p><strong>Quels sont les diff\u00e9rents types de cookies utilis\u00e9s par ce service\u00a0?<\/strong><\/p>\n<p>\u2013 Les journaux de session expirent lorsque l&rsquo;utilisateur quitte la page ou ferme le navigateur, c&rsquo;est-\u00e0-dire qu&rsquo;ils sont actifs pendant toute la dur\u00e9e de la visite du site Web et sont donc supprim\u00e9s de notre ordinateur lorsqu&rsquo;il le quitte.<\/p>\n<p>\u2013 Les permanents expirent lorsque la finalit\u00e9 pour laquelle ils servent est remplie ou lorsqu\u2019ils sont supprim\u00e9s manuellement, ils ont une date de suppression et sont normalement utilis\u00e9s dans le processus d\u2019achat en ligne, de personnalisations ou d\u2019enregistrement, afin de ne pas avoir \u00e0 saisir constamment notre mot de passe .<\/p>\n<p>D&rsquo;autre part, selon l&rsquo;entit\u00e9 qui g\u00e8re l&rsquo;\u00e9quipement ou le domaine \u00e0 partir duquel les cookies sont envoy\u00e9s et qui traite les donn\u00e9es obtenues, nous pouvons distinguer entre nos propres cookies et ceux de tiers.<\/p>\n<p>\u2013 Les cookies propres sont les cookies qui sont envoy\u00e9s \u00e0 votre ordinateur et g\u00e9r\u00e9s exclusivement par nous pour le meilleur fonctionnement du site Web. Les informations que nous collectons sont utilis\u00e9es pour am\u00e9liorer la qualit\u00e9 de notre service et votre exp\u00e9rience en tant qu&rsquo;utilisateur.<\/p>\n<p>\u2013 Si vous interagissez avec le contenu de notre site Web, des cookies tiers peuvent \u00e9galement \u00eatre install\u00e9s (par exemple, lorsque vous cliquez sur des boutons de r\u00e9seaux sociaux ou lorsque vous visionnez des vid\u00e9os h\u00e9berg\u00e9es sur un autre site Web), qui sont ceux \u00e9tablis par un domaine diff\u00e9rent de notre site Web. Nous ne pouvons pas acc\u00e9der aux donn\u00e9es stock\u00e9es dans les cookies d&rsquo;autres sites Web lorsque vous naviguez sur ces sites Web.<\/p>\n<p align=\"justify\">La navigation sur ce service implique que les types de Cookies suivants peuvent \u00eatre install\u00e9s\u00a0:<\/p>\n<p><fort>1. Propres cookies<\/strong><\/p>\n<p><strong>\u2013 Cookies de performances\u00a0:<\/strong><br \/>\nCes cookies sont utilis\u00e9s pour am\u00e9liorer votre exp\u00e9rience de navigation et optimiser les performances de nos sites Internet. Ils stockent les configurations de service afin que vous n&rsquo;ayez pas \u00e0 les reconfigurer \u00e0 chaque fois que vous nous visitez.<\/p>\n<p>Exemples d&rsquo;utilisation : M\u00e9moriser le type d&rsquo;acc\u00e8s (Version Mobile ou version Web), M\u00e9moriser les \u00e9l\u00e9ments affich\u00e9s, M\u00e9moriser le dernier contenu visit\u00e9, etc.<\/p>\n<p><strong>\u2013 Cookies g\u00e9ollieu\u00a0:<\/strong><br \/>\nCes cookies sont utilis\u00e9s pour stocker les donn\u00e9es de g\u00e9olocalisation de l&rsquo;ordinateur ou de l&rsquo;appareil afin de proposer des contenus et des services plus appropri\u00e9s.<\/p>\n<p>Exemples d&rsquo;utilisation : contenus selon le pays d&rsquo;acc\u00e8s.<\/p>\n<p><strong>\u2013 Cookies analytiques\u00a0:<\/strong><br \/>\nCes cookies sont utilis\u00e9s pour collecter des informations anonymes sur l&rsquo;acc\u00e8s et l&rsquo;exp\u00e9rience de navigation, par exemple la dur\u00e9e totale de navigation, les pages visit\u00e9es, etc.<\/p>\n<p>Exemples d&rsquo;utilisation : Comptez le nombre total de visiteurs, vous savez si l&rsquo;utilisateur est nouveau ou a d\u00e9j\u00e0 visit\u00e9 le site Web auparavant.<\/p>\n<p align=\"justify\"><b>2. Cookies tiers<br \/>\n<\/b><br \/>\n\u2013 Cookies analytiques (Google Analytics). Dans ces cas, les services tiers utilisent des cookies pour proposer le service.<br \/>\n\u2013 Cookies de r\u00e9seaux sociaux et autres services int\u00e9gr\u00e9s : sur certaines pages, il est possible d&rsquo;ins\u00e9rer du contenu tiers, de partager ou d&rsquo;interagir avec les r\u00e9seaux sociaux. Dans ces cas, les services tiers utilisent des cookies pour proposer le service.<\/p>\n<p>Actuellement, les r\u00e9seaux sociaux et services tiers int\u00e9gr\u00e9s ainsi que leurs politiques de confidentialit\u00e9 respectives (li\u00e9es) sont\u00a0: <strong> <a href=\"https:\/\/twitter.com\/privacy\">Twitter<\/a>, <a href= \"https:\/\/www.facebook.com\/about\/privacy\/your-info-on-other\">Facebook<\/a>, <a href=\"http:\/\/www.google.es\/intl\/es \/politiques \/confidentialit\u00e9\/\">YouTube<\/a><br \/>\n<\/strong><\/p>\n<p align=\"justify\">2.1 Informations sur les cookies\u00a0:\u00a0<strong>Google Analytics<\/strong>.<\/p>\n<p>Ce site Web utilise Google Analytics, un service d&rsquo;analyse Web fourni par Google, Inc., une soci\u00e9t\u00e9 du Delaware dont le si\u00e8ge social est situ\u00e9 au 1600 Amphitheatre Parkway, Mountain View (Californie), CA 94043, \u00c9tats-Unis (\u00ab Google \u00bb). Google Analytics utilise des \u00ab cookies \u00bb, qui sont des fichiers texte situ\u00e9s sur votre ordinateur, pour aider le site Web \u00e0 analyser la mani\u00e8re dont les utilisateurs utilisent le site Web. Les informations g\u00e9n\u00e9r\u00e9es par les cookies concernant votre utilisation du site Internet (y compris votre adresse IP) seront directement transmises et stock\u00e9es par Google sur des serveurs aux \u00c9tats-Unis. Google utilisera ces informations en notre nom dans le but de suivre votre utilisation du site Web, de compiler des rapports sur l&rsquo;activit\u00e9 du site Web et de fournir d&rsquo;autres services li\u00e9s \u00e0 l&rsquo;activit\u00e9 du site Web et \u00e0 l&rsquo;utilisation d&rsquo;Internet. Google peut transmettre ces informations \u00e0 des tiers lorsque la loi l&rsquo;exige ou lorsque ces tiers traitent les informations pour le compte de Google. Google n&rsquo;associera pas votre adresse IP \u00e0 d&rsquo;autres donn\u00e9es d\u00e9tenues par Google. Vous pouvez refuser le traitement des donn\u00e9es ou des informations en refusant l&rsquo;utilisation de cookies en s\u00e9lectionnant les param\u00e8tres appropri\u00e9s de votre navigateur. Toutefois, sachez que si vous le faites, vous ne pourrez peut-\u00eatre pas utiliser toutes les fonctionnalit\u00e9s de ce site Web. En utilisant ce site Internet, vous consentez au traitement des informations vous concernant par Google de la mani\u00e8re et aux fins indiqu\u00e9es ci-dessus.<\/p>\n<p><a href=\"http:\/\/www.google.es\/intl\/es\/analytics\/privacyoverview.html\">Politique de confidentialit\u00e9 de Google Analytics<\/a><\/p>\n<p><strong>D\u00e9sactiver l&rsquo;utilisation des cookies depuis le navigateur<\/strong><\/p>\n<p>Vous pouvez d\u00e9sactiver l&rsquo;utilisation de cookies \u00e0 l&rsquo;aide des commandes disponibles dans votre navigateur. Sur les pages suivantes, vous trouverez des instructions pour le faire en fonction du type de navigateur utilis\u00e9 :<\/p>\n<p><a href=\"https:\/\/support.google.com\/chrome\/answer\/95647?hl=es\">Google Chrome<\/a><br \/>\n<a href=\"http:\/\/support.mozilla.org\/en-US\/kb\/enable-and-disable-cookies-website-preferences?redirectlocale=en-US&amp;redirectslug=Enabling+and+disabling+cookies\"> Firefox<\/a><br \/>\n<a href=\"http:\/\/support.microsoft.com\/kb\/278835\">Microsoft Internet Explorer<\/a><br \/>\n<a href=\"http:\/\/support.apple.com\/kb\/PH11913\">Safari pour Mac<\/a><br \/>\n<a href=\"http:\/\/support.apple.com\/kb\/HT1677?viewlocale=en_US&amp;locale=en_US\">Safari pour iOS (iPad, iPhone, iPod touch)<\/a><br \/>\n<a href=\"http:\/\/www.wikihow.com\/Disable-Cookies#Android_Devices\">Android<\/a><br \/>\n<a href=\"http:\/\/www.opera.com\/help\/tutorials\/security\/privacy\/\">Op\u00e9ra<\/a><br \/>\n<a href=\"http:\/\/docs.blackberry.com\/en\/smartphone_users\/deliverables\/32004\/Turn_off_cookies_in_the_browser_60_1072866_11.jsp\">M\u00fbre<\/a><\/p>\n<p align=\"justify\">Autres navigateurs\u00a0:\u00a0<a href=\"http:\/\/www.wikihow.com\/Disable-Cookies\">http:\/\/www.wikihow.com\/Disable-Cookies<\/a><\/ p><\/p>\n<p align=\"justify\">Si vous choisissez de d\u00e9sactiver l&rsquo;utilisation des cookies, certaines fonctions du service ne seront pas disponibles, n&rsquo;auront pas toutes les fonctionnalit\u00e9s ou ne s&rsquo;ex\u00e9cuteront pas comme pr\u00e9vu (Par exemple\u00a0: fonctions d&rsquo;enregistrement, connexion, personnalisation des formats, utilisation des r\u00e9seaux sociaux, possibilit\u00e9 de m\u00e9moriser le type d&rsquo;acc\u00e8s mobile ou web, etc.<\/p>\n\t\t\t\t\t\t\t\t<\/div>\n\t\t\t\t<\/div>\n\t\t\t\t\t<\/div>\n\t\t<\/div>\n\t\t\t\t\t<\/div>\n\t\t<\/section>\n\t\t\t\t<\/div>\n\t\t","protected":false},"excerpt":{"rendered":"<p>Politique de cookies Dans cette section, vous trouverez des informations sur les cookies qui peuvent \u00eatre envoy\u00e9s ou g\u00e9n\u00e9r\u00e9s lors de l&rsquo;utilisation de ce service, ainsi que leur utilisation et leur finalit\u00e9. Ce service Web, comme la plupart des sites Internet, utilise des cookies pour am\u00e9liorer et optimiser l&rsquo;exp\u00e9rience utilisateur. Vous trouverez ci-dessous des informations [&hellip;]<\/p>\n","protected":false},"author":2,"featured_media":0,"parent":0,"menu_order":0,"comment_status":"closed","ping_status":"closed","template":"","meta":{"footnotes":""},"class_list":["post-2958","page","type-page","status-publish","hentry"],"yoast_head":"<!-- This site is optimized with the Yoast SEO plugin v27.2 - https:\/\/yoast.com\/product\/yoast-seo-wordpress\/ -->\n<title>Politique de cookies &#8226; Aparthotel Giuliano<\/title>\n<meta name=\"robots\" content=\"noindex, nofollow\" \/>\n<meta property=\"og:locale\" content=\"fr_FR\" \/>\n<meta property=\"og:type\" content=\"article\" \/>\n<meta property=\"og:title\" content=\"Politique de cookies &#8226; Aparthotel Giuliano\" \/>\n<meta property=\"og:description\" content=\"Politique de cookies Dans cette section, vous trouverez des informations sur les cookies qui peuvent \u00eatre envoy\u00e9s ou g\u00e9n\u00e9r\u00e9s lors de l&rsquo;utilisation de ce service, ainsi que leur utilisation et leur finalit\u00e9. Ce service Web, comme la plupart des sites Internet, utilise des cookies pour am\u00e9liorer et optimiser l&rsquo;exp\u00e9rience utilisateur. Vous trouverez ci-dessous des informations [&hellip;]\" \/>\n<meta property=\"og:url\" content=\"https:\/\/www.aparthotelgiuliano.com\/fr\/politique-de-cookies\/\" \/>\n<meta property=\"og:site_name\" content=\"Aparthotel Giuliano\" \/>\n<meta name=\"twitter:card\" content=\"summary_large_image\" \/>\n<meta name=\"twitter:label1\" content=\"Dur\u00e9e de lecture estim\u00e9e\" \/>\n\t<meta name=\"twitter:data1\" content=\"7 minutes\" \/>\n<script type=\"application\/ld+json\" class=\"yoast-schema-graph\">{\"@context\":\"https:\/\/schema.org\",\"@graph\":[{\"@type\":\"WebPage\",\"@id\":\"https:\/\/www.aparthotelgiuliano.com\/fr\/politique-de-cookies\/\",\"url\":\"https:\/\/www.aparthotelgiuliano.com\/fr\/politique-de-cookies\/\",\"name\":\"Politique de cookies &#8226; Aparthotel Giuliano\",\"isPartOf\":{\"@id\":\"https:\/\/www.aparthotelgiuliano.com\/fr\/#website\"},\"datePublished\":\"2024-05-14T17:03:49+00:00\",\"breadcrumb\":{\"@id\":\"https:\/\/www.aparthotelgiuliano.com\/fr\/politique-de-cookies\/#breadcrumb\"},\"inLanguage\":\"fr-FR\",\"potentialAction\":[{\"@type\":\"ReadAction\",\"target\":[\"https:\/\/www.aparthotelgiuliano.com\/fr\/politique-de-cookies\/\"]}]},{\"@type\":\"BreadcrumbList\",\"@id\":\"https:\/\/www.aparthotelgiuliano.com\/fr\/politique-de-cookies\/#breadcrumb\",\"itemListElement\":[{\"@type\":\"ListItem\",\"position\":1,\"name\":\"Portada\",\"item\":\"https:\/\/www.aparthotelgiuliano.com\/fr\/debut\/\"},{\"@type\":\"ListItem\",\"position\":2,\"name\":\"Politique de cookies\"}]},{\"@type\":\"WebSite\",\"@id\":\"https:\/\/www.aparthotelgiuliano.com\/fr\/#website\",\"url\":\"https:\/\/www.aparthotelgiuliano.com\/fr\/\",\"name\":\"Aparthotel Giuliano\",\"description\":\"Aparthotel en Empuriabrava\",\"publisher\":{\"@id\":\"https:\/\/www.aparthotelgiuliano.com\/fr\/#organization\"},\"potentialAction\":[{\"@type\":\"SearchAction\",\"target\":{\"@type\":\"EntryPoint\",\"urlTemplate\":\"https:\/\/www.aparthotelgiuliano.com\/fr\/?s={search_term_string}\"},\"query-input\":{\"@type\":\"PropertyValueSpecification\",\"valueRequired\":true,\"valueName\":\"search_term_string\"}}],\"inLanguage\":\"fr-FR\"},{\"@type\":\"Organization\",\"@id\":\"https:\/\/www.aparthotelgiuliano.com\/fr\/#organization\",\"name\":\"Hotel Albera\",\"url\":\"https:\/\/www.aparthotelgiuliano.com\/fr\/\",\"logo\":{\"@type\":\"ImageObject\",\"inLanguage\":\"fr-FR\",\"@id\":\"https:\/\/www.aparthotelgiuliano.com\/fr\/#\/schema\/logo\/image\/\",\"url\":\"https:\/\/hotelalbera.com\/wp-content\/uploads\/2021\/09\/hotel-albera-logo.jpg\",\"contentUrl\":\"https:\/\/hotelalbera.com\/wp-content\/uploads\/2021\/09\/hotel-albera-logo.jpg\",\"width\":300,\"height\":300,\"caption\":\"Hotel Albera\"},\"image\":{\"@id\":\"https:\/\/www.aparthotelgiuliano.com\/fr\/#\/schema\/logo\/image\/\"}}]}<\/script>\n<!-- \/ Yoast SEO plugin. -->","yoast_head_json":{"title":"Politique de cookies &#8226; Aparthotel Giuliano","robots":{"index":"noindex","follow":"nofollow"},"og_locale":"fr_FR","og_type":"article","og_title":"Politique de cookies &#8226; Aparthotel Giuliano","og_description":"Politique de cookies Dans cette section, vous trouverez des informations sur les cookies qui peuvent \u00eatre envoy\u00e9s ou g\u00e9n\u00e9r\u00e9s lors de l&rsquo;utilisation de ce service, ainsi que leur utilisation et leur finalit\u00e9. Ce service Web, comme la plupart des sites Internet, utilise des cookies pour am\u00e9liorer et optimiser l&rsquo;exp\u00e9rience utilisateur. Vous trouverez ci-dessous des informations [&hellip;]","og_url":"https:\/\/www.aparthotelgiuliano.com\/fr\/politique-de-cookies\/","og_site_name":"Aparthotel Giuliano","twitter_card":"summary_large_image","twitter_misc":{"Dur\u00e9e de lecture estim\u00e9e":"7 minutes"},"schema":{"@context":"https:\/\/schema.org","@graph":[{"@type":"WebPage","@id":"https:\/\/www.aparthotelgiuliano.com\/fr\/politique-de-cookies\/","url":"https:\/\/www.aparthotelgiuliano.com\/fr\/politique-de-cookies\/","name":"Politique de cookies &#8226; Aparthotel Giuliano","isPartOf":{"@id":"https:\/\/www.aparthotelgiuliano.com\/fr\/#website"},"datePublished":"2024-05-14T17:03:49+00:00","breadcrumb":{"@id":"https:\/\/www.aparthotelgiuliano.com\/fr\/politique-de-cookies\/#breadcrumb"},"inLanguage":"fr-FR","potentialAction":[{"@type":"ReadAction","target":["https:\/\/www.aparthotelgiuliano.com\/fr\/politique-de-cookies\/"]}]},{"@type":"BreadcrumbList","@id":"https:\/\/www.aparthotelgiuliano.com\/fr\/politique-de-cookies\/#breadcrumb","itemListElement":[{"@type":"ListItem","position":1,"name":"Portada","item":"https:\/\/www.aparthotelgiuliano.com\/fr\/debut\/"},{"@type":"ListItem","position":2,"name":"Politique de cookies"}]},{"@type":"WebSite","@id":"https:\/\/www.aparthotelgiuliano.com\/fr\/#website","url":"https:\/\/www.aparthotelgiuliano.com\/fr\/","name":"Aparthotel Giuliano","description":"Aparthotel en Empuriabrava","publisher":{"@id":"https:\/\/www.aparthotelgiuliano.com\/fr\/#organization"},"potentialAction":[{"@type":"SearchAction","target":{"@type":"EntryPoint","urlTemplate":"https:\/\/www.aparthotelgiuliano.com\/fr\/?s={search_term_string}"},"query-input":{"@type":"PropertyValueSpecification","valueRequired":true,"valueName":"search_term_string"}}],"inLanguage":"fr-FR"},{"@type":"Organization","@id":"https:\/\/www.aparthotelgiuliano.com\/fr\/#organization","name":"Hotel Albera","url":"https:\/\/www.aparthotelgiuliano.com\/fr\/","logo":{"@type":"ImageObject","inLanguage":"fr-FR","@id":"https:\/\/www.aparthotelgiuliano.com\/fr\/#\/schema\/logo\/image\/","url":"https:\/\/hotelalbera.com\/wp-content\/uploads\/2021\/09\/hotel-albera-logo.jpg","contentUrl":"https:\/\/hotelalbera.com\/wp-content\/uploads\/2021\/09\/hotel-albera-logo.jpg","width":300,"height":300,"caption":"Hotel Albera"},"image":{"@id":"https:\/\/www.aparthotelgiuliano.com\/fr\/#\/schema\/logo\/image\/"}}]}},"_links":{"self":[{"href":"https:\/\/www.aparthotelgiuliano.com\/fr\/wp-json\/wp\/v2\/pages\/2958","targetHints":{"allow":["GET"]}}],"collection":[{"href":"https:\/\/www.aparthotelgiuliano.com\/fr\/wp-json\/wp\/v2\/pages"}],"about":[{"href":"https:\/\/www.aparthotelgiuliano.com\/fr\/wp-json\/wp\/v2\/types\/page"}],"author":[{"embeddable":true,"href":"https:\/\/www.aparthotelgiuliano.com\/fr\/wp-json\/wp\/v2\/users\/2"}],"replies":[{"embeddable":true,"href":"https:\/\/www.aparthotelgiuliano.com\/fr\/wp-json\/wp\/v2\/comments?post=2958"}],"version-history":[{"count":1,"href":"https:\/\/www.aparthotelgiuliano.com\/fr\/wp-json\/wp\/v2\/pages\/2958\/revisions"}],"predecessor-version":[{"id":2959,"href":"https:\/\/www.aparthotelgiuliano.com\/fr\/wp-json\/wp\/v2\/pages\/2958\/revisions\/2959"}],"wp:attachment":[{"href":"https:\/\/www.aparthotelgiuliano.com\/fr\/wp-json\/wp\/v2\/media?parent=2958"}],"curies":[{"name":"wp","href":"https:\/\/api.w.org\/{rel}","templated":true}]}}