{"id":2960,"date":"2024-05-14T19:04:26","date_gmt":"2024-05-14T17:04:26","guid":{"rendered":"https:\/\/www.aparthotelgiuliano.com\/politique-de-confidentialite\/"},"modified":"2024-05-14T19:04:26","modified_gmt":"2024-05-14T17:04:26","slug":"politique-de-confidentialite","status":"publish","type":"page","link":"https:\/\/www.aparthotelgiuliano.com\/fr\/politique-de-confidentialite\/","title":{"rendered":"Politique de confidentialit\u00e9"},"content":{"rendered":"\t\t<div data-elementor-type=\"wp-page\" data-elementor-id=\"2960\" class=\"elementor elementor-2960 elementor-1240\" data-elementor-post-type=\"page\">\n\t\t\t\t\t\t<section class=\"elementor-section elementor-top-section elementor-element elementor-element-8388a55 elementor-section-boxed elementor-section-height-default elementor-section-height-default\" data-id=\"8388a55\" data-element_type=\"section\" data-e-type=\"section\">\n\t\t\t\t\t\t<div class=\"elementor-container elementor-column-gap-default\">\n\t\t\t\t\t<div class=\"elementor-column elementor-col-100 elementor-top-column elementor-element elementor-element-9807b00\" data-id=\"9807b00\" data-element_type=\"column\" data-e-type=\"column\">\n\t\t\t<div class=\"elementor-widget-wrap elementor-element-populated\">\n\t\t\t\t\t\t<div class=\"elementor-element elementor-element-5fd5146 elementor-widget elementor-widget-heading\" data-id=\"5fd5146\" data-element_type=\"widget\" data-e-type=\"widget\" data-widget_type=\"heading.default\">\n\t\t\t\t<div class=\"elementor-widget-container\">\n\t\t\t\t\t<h2 class=\"elementor-heading-title elementor-size-default\">Politique de confidentialit\u00e9<\/h2>\t\t\t\t<\/div>\n\t\t\t\t<\/div>\n\t\t\t\t<div class=\"elementor-element elementor-element-f21bc3d elementor-widget elementor-widget-text-editor\" data-id=\"f21bc3d\" data-element_type=\"widget\" data-e-type=\"widget\" data-widget_type=\"text-editor.default\">\n\t\t\t\t<div class=\"elementor-widget-container\">\n\t\t\t\t\t\t\t\t\t<div>1. <strong>Utilisation et traitement des donn\u00e9es personnelles<\/strong><\/div>\n<div><\/div>\n<div>RICARDO MARTIN PARRONDO PELEGRI (ci-apr\u00e8s, LE PROPRI\u00c9TAIRE DU SITE WEB) vous informe que les donn\u00e9es personnelles qui peuvent \u00eatre fournies via le site, ainsi que celles qui pourraient \u00eatre fournies \u00e0 l&rsquo;avenir dans le cadre de votre relation juridique avec ce entit\u00e9, sera incorpor\u00e9 dans les fichiers appartenant au PROPRI\u00c9TAIRE DU SITE WEB, dont les donn\u00e9es apparaissent dans l&rsquo;en-t\u00eate.<\/div>\n<div><\/div>\n<div>Ces fichiers sont destin\u00e9s \u00e0 g\u00e9rer, administrer, vous fournir les services ou vous fournir les produits que vous demandez, et le cas \u00e9ch\u00e9ant, \u00e0 l&rsquo;ex\u00e9cution et \u00e0 l&rsquo;ex\u00e9cution des contrats que vous pourriez conclure, \u00e0 mieux conna\u00eetre vos go\u00fbts, pour adapter les services \u00e0 vos pr\u00e9f\u00e9rences, ainsi que pour pouvoir vous proposer de nouveaux services ou produits et vous envoyer des informations li\u00e9es aux activit\u00e9s du PROPRI\u00c9TAIRE DU SITE WEB, par tout moyen, y compris \u00e9lectronique. Les destinataires des informations collect\u00e9es seront principalement les employ\u00e9s du PROPRI\u00c9TAIRE DU SITE WEB.<\/div>\n<div><\/div>\n<div>Sauf dans les champs o\u00f9 le contraire est express\u00e9ment d\u00e9termin\u00e9 au moyen d&rsquo;un ast\u00e9risque (*), les r\u00e9ponses aux questions sur les donn\u00e9es personnelles sont volontaires, sans que l&rsquo;absence de r\u00e9ponse auxdites questions implique une diminution de la qualit\u00e9 des services. vous demandez. Le fait de ne pas remplir les champs jug\u00e9s obligatoires ou de fournir des donn\u00e9es incorrectes emp\u00eachera LE PROPRI\u00c9TAIRE DU SITE WEB de vous fournir les services ou de vous fournir les produits que vous demandez.<\/div>\n<div><\/div>\n<div>Le consentement accord\u00e9 pour le traitement de vos donn\u00e9es personnelles peut \u00eatre r\u00e9voqu\u00e9 \u00e0 tout moment, en contactant l&rsquo;adresse du PROPRI\u00c9TAIRE DU SITE WEB ou en envoyant un e-mail \u00e0 info@aparthotelgiuliano.com<\/div>\n<div><\/div>\n<div>Les utilisateurs garantissent et sont responsables, en tout \u00e9tat de cause, de l&rsquo;exactitude, de la validit\u00e9 et de l&rsquo;authenticit\u00e9 des donn\u00e9es personnelles fournies et s&rsquo;engagent \u00e0 les tenir d\u00fbment mises \u00e0 jour.<\/div>\n<div><\/div>\n<div>2. <strong>Exercice des droits\u00a0: acc\u00e8s, rectification, annulation et opposition<\/strong><\/div>\n<div><\/div>\n<div>Les personnes physiques qui ont fourni leurs donn\u00e9es au PROPRI\u00c9TAIRE DU SITE WEB peuvent exercer librement les droits d&rsquo;acc\u00e8s, de rectification, annulation et opposition en ce qui concerne les donn\u00e9es incorpor\u00e9es dans les fichiers du PROPRI\u00c9TAIRE DU SITE WEB<\/div>\n<div><\/div>\n<div>Compte tenu du caract\u00e8re confidentiel des informations, vous ne pourrez pas exercer vos droits par t\u00e9l\u00e9phone, vous devez en faire la demande par tout moyen permettant d&rsquo;enregistrer son envoi et sa r\u00e9ception et transmettre une copie de votre pi\u00e8ce d&rsquo;identit\u00e9 ou document \u00e9quivalent.<\/div >\n<div><\/div>\n<div>L&rsquo;int\u00e9ress\u00e9 peut exercer ses droits au moyen d&rsquo;une communication \u00e9crite adress\u00e9e au PROPRI\u00c9TAIRE DU SITE WEB \u00e0 l&rsquo;adresse indiqu\u00e9e au d\u00e9but ou \u00e0 l&rsquo;adresse e-mail info@aparthotelgiuliano.com<\/div>\n<div><\/div>\n<div>3. <strong>Mesures de s\u00e9curit\u00e9<\/strong><\/div>\n<div><\/div>\n<div>LE PROPRI\u00c9TAIRE DU SITE WEB vous informe qu&rsquo;il a mis en \u0153uvre les mesures de s\u00e9curit\u00e9 techniques et organisationnelles n\u00e9cessaires pour garantir la s\u00e9curit\u00e9 de vos donn\u00e9es personnelles et emp\u00eacher leur alt\u00e9ration, perte et traitement et\/ou acc\u00e8s non autoris\u00e9s, compte tenu de l&rsquo;\u00e9tat de technologie, la nature des donn\u00e9es stock\u00e9es et les risques auxquels elles sont expos\u00e9es, qu&rsquo;ils proviennent de l&rsquo;action humaine ou de l&rsquo;environnement physique ou naturel.<\/div>\n<div><\/div>\n<div>L&rsquo;utilisateur doit \u00eatre conscient que les mesures de s\u00e9curit\u00e9 sur Internet ne sont pas imprenables et enti\u00e8rement fiables et que LE PROPRI\u00c9TAIRE DU SITE WEB ne peut garantir l&rsquo;absence de virus ou d&rsquo;autres \u00e9l\u00e9ments susceptibles de provoquer des alt\u00e9rations des syst\u00e8mes informatiques (logiciels et mat\u00e9riels) du utilisateur.<\/div>\n<div><\/div>\n<div>4. <strong>Mineurs<\/strong><\/div>\n<div><\/div>\n<div>Dans le cas o\u00f9 l&rsquo;un des services et produits s&rsquo;adresse aux enfants de moins de 14 ans. LE PROPRI\u00c9TAIRE DU SITE WEB demandera le consentement des parents ou tuteurs pour la collecte des donn\u00e9es personnelles du mineur.<\/div>\n<div><\/div>\n<div>LE PROPRI\u00c9TAIRE DU SITE WEB n&rsquo;est pas responsable des donn\u00e9es des mineurs qui, sans que le PROPRI\u00c9TAIRE DU SITE WEB puisse le savoir, ce fait ont \u00e9t\u00e9 fournies sans le consentement des parents ou tuteurs.<\/div>\n<div><\/div>\n<div>5. <strong>Modification de la politique de confidentialit\u00e9<\/strong><\/div>\n<div><\/div>\n<div>LE PROPRI\u00c9TAIRE DU SITE WEB se r\u00e9serve le droit de modifier sa politique de confidentialit\u00e9, selon ses propres crit\u00e8res, ou motiv\u00e9e par un changement doctrinal de l&rsquo;autorit\u00e9 comp\u00e9tente en mati\u00e8re de protection des donn\u00e9es, l\u00e9gislative ou jurisprudentielle. Toute modification de la Politique de Confidentialit\u00e9 sera publi\u00e9e avant son application effective. L&rsquo;utilisation du Site Internet apr\u00e8s lesdites modifications impliquera l&rsquo;acceptation de celles-ci.<\/div>\n<div><\/div>\n<div>6. <strong>L\u00e9gislation applicable<\/strong><\/div>\n<div><\/div>\n<div>Tout contr\u00f4leoversia qui d\u00e9coule de l&rsquo;utilisation de ce site, sera r\u00e9gie, interpr\u00e9t\u00e9e et soumise conform\u00e9ment aux lois de l&rsquo;Espagne.<\/div>\n\t\t\t\t\t\t\t\t<\/div>\n\t\t\t\t<\/div>\n\t\t\t\t\t<\/div>\n\t\t<\/div>\n\t\t\t\t\t<\/div>\n\t\t<\/section>\n\t\t\t\t<\/div>\n\t\t","protected":false},"excerpt":{"rendered":"<p>Politique de confidentialit\u00e9 1. Utilisation et traitement des donn\u00e9es personnelles RICARDO MARTIN PARRONDO PELEGRI (ci-apr\u00e8s, LE PROPRI\u00c9TAIRE DU SITE WEB) vous informe que les donn\u00e9es personnelles qui peuvent \u00eatre fournies via le site, ainsi que celles qui pourraient \u00eatre fournies \u00e0 l&rsquo;avenir dans le cadre de votre relation juridique avec ce entit\u00e9, sera incorpor\u00e9 dans [&hellip;]<\/p>\n","protected":false},"author":2,"featured_media":0,"parent":0,"menu_order":0,"comment_status":"closed","ping_status":"closed","template":"","meta":{"footnotes":""},"class_list":["post-2960","page","type-page","status-publish","hentry"],"yoast_head":"<!-- This site is optimized with the Yoast SEO plugin v27.2 - https:\/\/yoast.com\/product\/yoast-seo-wordpress\/ -->\n<title>Politique de confidentialit\u00e9 &#8226; Aparthotel Giuliano<\/title>\n<meta name=\"robots\" content=\"noindex, nofollow\" \/>\n<meta property=\"og:locale\" content=\"fr_FR\" \/>\n<meta property=\"og:type\" content=\"article\" \/>\n<meta property=\"og:title\" content=\"Politique de confidentialit\u00e9 &#8226; Aparthotel Giuliano\" \/>\n<meta property=\"og:description\" content=\"Politique de confidentialit\u00e9 1. Utilisation et traitement des donn\u00e9es personnelles RICARDO MARTIN PARRONDO PELEGRI (ci-apr\u00e8s, LE PROPRI\u00c9TAIRE DU SITE WEB) vous informe que les donn\u00e9es personnelles qui peuvent \u00eatre fournies via le site, ainsi que celles qui pourraient \u00eatre fournies \u00e0 l&rsquo;avenir dans le cadre de votre relation juridique avec ce entit\u00e9, sera incorpor\u00e9 dans [&hellip;]\" \/>\n<meta property=\"og:url\" content=\"https:\/\/www.aparthotelgiuliano.com\/fr\/politique-de-confidentialite\/\" \/>\n<meta property=\"og:site_name\" content=\"Aparthotel Giuliano\" \/>\n<meta name=\"twitter:card\" content=\"summary_large_image\" \/>\n<meta name=\"twitter:label1\" content=\"Dur\u00e9e de lecture estim\u00e9e\" \/>\n\t<meta name=\"twitter:data1\" content=\"4 minutes\" \/>\n<script type=\"application\/ld+json\" class=\"yoast-schema-graph\">{\"@context\":\"https:\/\/schema.org\",\"@graph\":[{\"@type\":\"WebPage\",\"@id\":\"https:\/\/www.aparthotelgiuliano.com\/fr\/politique-de-confidentialite\/\",\"url\":\"https:\/\/www.aparthotelgiuliano.com\/fr\/politique-de-confidentialite\/\",\"name\":\"Politique de confidentialit\u00e9 &#8226; Aparthotel Giuliano\",\"isPartOf\":{\"@id\":\"https:\/\/www.aparthotelgiuliano.com\/fr\/#website\"},\"datePublished\":\"2024-05-14T17:04:26+00:00\",\"breadcrumb\":{\"@id\":\"https:\/\/www.aparthotelgiuliano.com\/fr\/politique-de-confidentialite\/#breadcrumb\"},\"inLanguage\":\"fr-FR\",\"potentialAction\":[{\"@type\":\"ReadAction\",\"target\":[\"https:\/\/www.aparthotelgiuliano.com\/fr\/politique-de-confidentialite\/\"]}]},{\"@type\":\"BreadcrumbList\",\"@id\":\"https:\/\/www.aparthotelgiuliano.com\/fr\/politique-de-confidentialite\/#breadcrumb\",\"itemListElement\":[{\"@type\":\"ListItem\",\"position\":1,\"name\":\"Portada\",\"item\":\"https:\/\/www.aparthotelgiuliano.com\/fr\/debut\/\"},{\"@type\":\"ListItem\",\"position\":2,\"name\":\"Politique de confidentialit\u00e9\"}]},{\"@type\":\"WebSite\",\"@id\":\"https:\/\/www.aparthotelgiuliano.com\/fr\/#website\",\"url\":\"https:\/\/www.aparthotelgiuliano.com\/fr\/\",\"name\":\"Aparthotel Giuliano\",\"description\":\"Aparthotel en Empuriabrava\",\"publisher\":{\"@id\":\"https:\/\/www.aparthotelgiuliano.com\/fr\/#organization\"},\"potentialAction\":[{\"@type\":\"SearchAction\",\"target\":{\"@type\":\"EntryPoint\",\"urlTemplate\":\"https:\/\/www.aparthotelgiuliano.com\/fr\/?s={search_term_string}\"},\"query-input\":{\"@type\":\"PropertyValueSpecification\",\"valueRequired\":true,\"valueName\":\"search_term_string\"}}],\"inLanguage\":\"fr-FR\"},{\"@type\":\"Organization\",\"@id\":\"https:\/\/www.aparthotelgiuliano.com\/fr\/#organization\",\"name\":\"Hotel Albera\",\"url\":\"https:\/\/www.aparthotelgiuliano.com\/fr\/\",\"logo\":{\"@type\":\"ImageObject\",\"inLanguage\":\"fr-FR\",\"@id\":\"https:\/\/www.aparthotelgiuliano.com\/fr\/#\/schema\/logo\/image\/\",\"url\":\"https:\/\/hotelalbera.com\/wp-content\/uploads\/2021\/09\/hotel-albera-logo.jpg\",\"contentUrl\":\"https:\/\/hotelalbera.com\/wp-content\/uploads\/2021\/09\/hotel-albera-logo.jpg\",\"width\":300,\"height\":300,\"caption\":\"Hotel Albera\"},\"image\":{\"@id\":\"https:\/\/www.aparthotelgiuliano.com\/fr\/#\/schema\/logo\/image\/\"}}]}<\/script>\n<!-- \/ Yoast SEO plugin. -->","yoast_head_json":{"title":"Politique de confidentialit\u00e9 &#8226; Aparthotel Giuliano","robots":{"index":"noindex","follow":"nofollow"},"og_locale":"fr_FR","og_type":"article","og_title":"Politique de confidentialit\u00e9 &#8226; Aparthotel Giuliano","og_description":"Politique de confidentialit\u00e9 1. Utilisation et traitement des donn\u00e9es personnelles RICARDO MARTIN PARRONDO PELEGRI (ci-apr\u00e8s, LE PROPRI\u00c9TAIRE DU SITE WEB) vous informe que les donn\u00e9es personnelles qui peuvent \u00eatre fournies via le site, ainsi que celles qui pourraient \u00eatre fournies \u00e0 l&rsquo;avenir dans le cadre de votre relation juridique avec ce entit\u00e9, sera incorpor\u00e9 dans [&hellip;]","og_url":"https:\/\/www.aparthotelgiuliano.com\/fr\/politique-de-confidentialite\/","og_site_name":"Aparthotel Giuliano","twitter_card":"summary_large_image","twitter_misc":{"Dur\u00e9e de lecture estim\u00e9e":"4 minutes"},"schema":{"@context":"https:\/\/schema.org","@graph":[{"@type":"WebPage","@id":"https:\/\/www.aparthotelgiuliano.com\/fr\/politique-de-confidentialite\/","url":"https:\/\/www.aparthotelgiuliano.com\/fr\/politique-de-confidentialite\/","name":"Politique de confidentialit\u00e9 &#8226; Aparthotel Giuliano","isPartOf":{"@id":"https:\/\/www.aparthotelgiuliano.com\/fr\/#website"},"datePublished":"2024-05-14T17:04:26+00:00","breadcrumb":{"@id":"https:\/\/www.aparthotelgiuliano.com\/fr\/politique-de-confidentialite\/#breadcrumb"},"inLanguage":"fr-FR","potentialAction":[{"@type":"ReadAction","target":["https:\/\/www.aparthotelgiuliano.com\/fr\/politique-de-confidentialite\/"]}]},{"@type":"BreadcrumbList","@id":"https:\/\/www.aparthotelgiuliano.com\/fr\/politique-de-confidentialite\/#breadcrumb","itemListElement":[{"@type":"ListItem","position":1,"name":"Portada","item":"https:\/\/www.aparthotelgiuliano.com\/fr\/debut\/"},{"@type":"ListItem","position":2,"name":"Politique de confidentialit\u00e9"}]},{"@type":"WebSite","@id":"https:\/\/www.aparthotelgiuliano.com\/fr\/#website","url":"https:\/\/www.aparthotelgiuliano.com\/fr\/","name":"Aparthotel Giuliano","description":"Aparthotel en Empuriabrava","publisher":{"@id":"https:\/\/www.aparthotelgiuliano.com\/fr\/#organization"},"potentialAction":[{"@type":"SearchAction","target":{"@type":"EntryPoint","urlTemplate":"https:\/\/www.aparthotelgiuliano.com\/fr\/?s={search_term_string}"},"query-input":{"@type":"PropertyValueSpecification","valueRequired":true,"valueName":"search_term_string"}}],"inLanguage":"fr-FR"},{"@type":"Organization","@id":"https:\/\/www.aparthotelgiuliano.com\/fr\/#organization","name":"Hotel Albera","url":"https:\/\/www.aparthotelgiuliano.com\/fr\/","logo":{"@type":"ImageObject","inLanguage":"fr-FR","@id":"https:\/\/www.aparthotelgiuliano.com\/fr\/#\/schema\/logo\/image\/","url":"https:\/\/hotelalbera.com\/wp-content\/uploads\/2021\/09\/hotel-albera-logo.jpg","contentUrl":"https:\/\/hotelalbera.com\/wp-content\/uploads\/2021\/09\/hotel-albera-logo.jpg","width":300,"height":300,"caption":"Hotel Albera"},"image":{"@id":"https:\/\/www.aparthotelgiuliano.com\/fr\/#\/schema\/logo\/image\/"}}]}},"_links":{"self":[{"href":"https:\/\/www.aparthotelgiuliano.com\/fr\/wp-json\/wp\/v2\/pages\/2960","targetHints":{"allow":["GET"]}}],"collection":[{"href":"https:\/\/www.aparthotelgiuliano.com\/fr\/wp-json\/wp\/v2\/pages"}],"about":[{"href":"https:\/\/www.aparthotelgiuliano.com\/fr\/wp-json\/wp\/v2\/types\/page"}],"author":[{"embeddable":true,"href":"https:\/\/www.aparthotelgiuliano.com\/fr\/wp-json\/wp\/v2\/users\/2"}],"replies":[{"embeddable":true,"href":"https:\/\/www.aparthotelgiuliano.com\/fr\/wp-json\/wp\/v2\/comments?post=2960"}],"version-history":[{"count":1,"href":"https:\/\/www.aparthotelgiuliano.com\/fr\/wp-json\/wp\/v2\/pages\/2960\/revisions"}],"predecessor-version":[{"id":2961,"href":"https:\/\/www.aparthotelgiuliano.com\/fr\/wp-json\/wp\/v2\/pages\/2960\/revisions\/2961"}],"wp:attachment":[{"href":"https:\/\/www.aparthotelgiuliano.com\/fr\/wp-json\/wp\/v2\/media?parent=2960"}],"curies":[{"name":"wp","href":"https:\/\/api.w.org\/{rel}","templated":true}]}}