{"id":2965,"date":"2024-05-14T19:05:49","date_gmt":"2024-05-14T17:05:49","guid":{"rendered":"https:\/\/www.aparthotelgiuliano.com\/restaurant\/"},"modified":"2024-06-04T16:45:20","modified_gmt":"2024-06-04T14:45:20","slug":"restaurant","status":"publish","type":"page","link":"https:\/\/www.aparthotelgiuliano.com\/fr\/restaurant\/","title":{"rendered":"Restaurant"},"content":{"rendered":"\t\t<div data-elementor-type=\"wp-page\" data-elementor-id=\"2965\" class=\"elementor elementor-2965 elementor-838\" data-elementor-post-type=\"page\">\n\t\t\t\t\t\t<section class=\"elementor-section elementor-top-section elementor-element elementor-element-5a7fbf6a elementor-section-boxed elementor-section-height-default elementor-section-height-default\" data-id=\"5a7fbf6a\" data-element_type=\"section\" data-e-type=\"section\" data-settings=\"{&quot;background_background&quot;:&quot;classic&quot;}\">\n\t\t\t\t\t\t\t<div class=\"elementor-background-overlay\"><\/div>\n\t\t\t\t\t\t\t<div class=\"elementor-container elementor-column-gap-no\">\n\t\t\t\t\t<div class=\"elementor-column elementor-col-100 elementor-top-column elementor-element elementor-element-386b8a38 animated-fast elementor-invisible\" data-id=\"386b8a38\" data-element_type=\"column\" data-e-type=\"column\" data-settings=\"{&quot;animation&quot;:&quot;fadeIn&quot;}\">\n\t\t\t<div class=\"elementor-widget-wrap elementor-element-populated\">\n\t\t\t\t\t\t<div class=\"elementor-element elementor-element-226983f0 elementor-invisible elementor-widget elementor-widget-heading\" data-id=\"226983f0\" data-element_type=\"widget\" data-e-type=\"widget\" data-settings=\"{&quot;_animation&quot;:&quot;fadeInUp&quot;}\" data-widget_type=\"heading.default\">\n\t\t\t\t<div class=\"elementor-widget-container\">\n\t\t\t\t\t<h1 class=\"elementor-heading-title elementor-size-default\"><i>Restaurant Bakkhos<\/i><\/h1>\t\t\t\t<\/div>\n\t\t\t\t<\/div>\n\t\t\t\t\t<\/div>\n\t\t<\/div>\n\t\t\t\t\t<\/div>\n\t\t<\/section>\n\t\t\t\t<section class=\"elementor-section elementor-top-section elementor-element elementor-element-4728d69 elementor-section-boxed elementor-section-height-default elementor-section-height-default\" data-id=\"4728d69\" data-element_type=\"section\" data-e-type=\"section\">\n\t\t\t\t\t\t<div class=\"elementor-container elementor-column-gap-default\">\n\t\t\t\t\t<div class=\"elementor-column elementor-col-100 elementor-top-column elementor-element elementor-element-7545bd3\" data-id=\"7545bd3\" data-element_type=\"column\" data-e-type=\"column\">\n\t\t\t<div class=\"elementor-widget-wrap elementor-element-populated\">\n\t\t\t\t\t\t<div class=\"elementor-element elementor-element-3bba432 elementor-widget elementor-widget-spacer\" data-id=\"3bba432\" data-element_type=\"widget\" data-e-type=\"widget\" data-widget_type=\"spacer.default\">\n\t\t\t\t<div class=\"elementor-widget-container\">\n\t\t\t\t\t\t\t<div class=\"elementor-spacer\">\n\t\t\t<div class=\"elementor-spacer-inner\"><\/div>\n\t\t<\/div>\n\t\t\t\t\t\t<\/div>\n\t\t\t\t<\/div>\n\t\t\t\t\t<\/div>\n\t\t<\/div>\n\t\t\t\t\t<\/div>\n\t\t<\/section>\n\t\t\t\t<section class=\"elementor-section elementor-top-section elementor-element elementor-element-300e6a69 elementor-section-content-middle elementor-section-boxed elementor-section-height-default elementor-section-height-default\" data-id=\"300e6a69\" data-element_type=\"section\" data-e-type=\"section\" data-settings=\"{&quot;background_background&quot;:&quot;gradient&quot;}\">\n\t\t\t\t\t\t\t<div class=\"elementor-background-overlay\"><\/div>\n\t\t\t\t\t\t\t<div class=\"elementor-container elementor-column-gap-no\">\n\t\t\t\t\t<div class=\"elementor-column elementor-col-100 elementor-top-column elementor-element elementor-element-7aa56e7 animated-fast elementor-invisible\" data-id=\"7aa56e7\" data-element_type=\"column\" data-e-type=\"column\" data-settings=\"{&quot;animation&quot;:&quot;fadeInLeft&quot;}\">\n\t\t\t<div class=\"elementor-widget-wrap elementor-element-populated\">\n\t\t\t\t\t\t<div class=\"elementor-element elementor-element-31c4a5d0 elementor-widget elementor-widget-text-editor\" data-id=\"31c4a5d0\" data-element_type=\"widget\" data-e-type=\"widget\" data-widget_type=\"text-editor.default\">\n\t\t\t\t<div class=\"elementor-widget-container\">\n\t\t\t\t\t\t\t\t\t<p>Notre restaurant est connu pour son menu vari\u00e9 comprenant des sp\u00e9cialit\u00e9s argentines et m\u00e9diterran\u00e9ennes.<\/p>\n<p>Populaire pour ses plats copieux et ses prix raisonnables, Bakkhos attire aussi bien les locaux que les touristes.<\/p>\n<p>L&rsquo;ambiance du restaurant est cosy, avec une terrasse particuli\u00e8rement appr\u00e9ci\u00e9e en \u00e9t\u00e9.<\/p>\n<p>Parmi nos plats vedettes figurent des pizzas, des empanadas argentines et des viandes grill\u00e9es, le tout servi dans une ambiance conviviale et d\u00e9tendue.<\/p>\n\t\t\t\t\t\t\t\t<\/div>\n\t\t\t\t<\/div>\n\t\t\t\t\t<\/div>\n\t\t<\/div>\n\t\t\t\t\t<\/div>\n\t\t<\/section>\n\t\t\t\t<section class=\"elementor-section elementor-top-section elementor-element elementor-element-1d71a6eb elementor-section-content-middle elementor-reverse-mobile elementor-section-boxed elementor-section-height-default elementor-section-height-default\" data-id=\"1d71a6eb\" data-element_type=\"section\" data-e-type=\"section\">\n\t\t\t\t\t\t<div class=\"elementor-container elementor-column-gap-no\">\n\t\t\t\t\t<div class=\"elementor-column elementor-col-33 elementor-top-column elementor-element elementor-element-3ace99ad\" data-id=\"3ace99ad\" data-element_type=\"column\" data-e-type=\"column\">\n\t\t\t<div class=\"elementor-widget-wrap elementor-element-populated\">\n\t\t\t\t\t\t<section class=\"elementor-section elementor-inner-section elementor-element elementor-element-bf8f2cd elementor-section-content-middle animated-fast elementor-section-boxed elementor-section-height-default elementor-section-height-default elementor-invisible\" data-id=\"bf8f2cd\" data-element_type=\"section\" data-e-type=\"section\" data-settings=\"{&quot;animation&quot;:&quot;fadeInUp&quot;}\">\n\t\t\t\t\t\t<div class=\"elementor-container elementor-column-gap-no\">\n\t\t\t\t\t<div class=\"elementor-column elementor-col-100 elementor-inner-column elementor-element elementor-element-6a7f34f\" data-id=\"6a7f34f\" data-element_type=\"column\" data-e-type=\"column\">\n\t\t\t<div class=\"elementor-widget-wrap elementor-element-populated\">\n\t\t\t\t\t<div class=\"elementor-background-overlay\"><\/div>\n\t\t\t\t\t\t<div class=\"elementor-element elementor-element-551e6de elementor-widget elementor-widget-image\" data-id=\"551e6de\" data-element_type=\"widget\" data-e-type=\"widget\" data-widget_type=\"image.default\">\n\t\t\t\t<div class=\"elementor-widget-container\">\n\t\t\t\t\t\t\t\t\t\t\t\t\t\t\t\t<a href=\"https:\/\/www.aparthotelgiuliano.com\/wp-content\/uploads\/2024\/05\/bakkhos.png\" data-elementor-open-lightbox=\"yes\" data-e-action-hash=\"#elementor-action%3Aaction%3Dlightbox%26settings%3DeyJpZCI6Mjk2OCwidXJsIjoiaHR0cHM6XC9cL3d3dy5hcGFydGhvdGVsZ2l1bGlhbm8uY29tXC93cC1jb250ZW50XC91cGxvYWRzXC8yMDI0XC8wNVwvYmFra2hvcy5wbmcifQ%3D%3D\">\n\t\t\t\t\t\t\t<img decoding=\"async\" src=\"https:\/\/www.aparthotelgiuliano.com\/wp-content\/uploads\/elementor\/thumbs\/bakkhos-qnx5o1pcqqyl1k8p52jpxjc01utfldmq3vi4qb1s3s.png\" title=\"\" alt=\"\" loading=\"lazy\" \/>\t\t\t\t\t\t\t\t<\/a>\n\t\t\t\t\t\t\t\t\t\t\t\t\t\t\t<\/div>\n\t\t\t\t<\/div>\n\t\t\t\t\t<\/div>\n\t\t<\/div>\n\t\t\t\t\t<\/div>\n\t\t<\/section>\n\t\t\t\t\t<\/div>\n\t\t<\/div>\n\t\t\t\t<div class=\"elementor-column elementor-col-33 elementor-top-column elementor-element elementor-element-74385e37\" data-id=\"74385e37\" data-element_type=\"column\" data-e-type=\"column\">\n\t\t\t<div class=\"elementor-widget-wrap elementor-element-populated\">\n\t\t\t\t\t\t<section class=\"elementor-section elementor-inner-section elementor-element elementor-element-1b152548 elementor-section-height-min-height elementor-section-content-middle animated-fast elementor-section-boxed elementor-section-height-default elementor-invisible\" data-id=\"1b152548\" data-element_type=\"section\" data-e-type=\"section\" data-settings=\"{&quot;animation&quot;:&quot;fadeInUp&quot;}\">\n\t\t\t\t\t\t<div class=\"elementor-container elementor-column-gap-no\">\n\t\t\t\t\t<div class=\"elementor-column elementor-col-100 elementor-inner-column elementor-element elementor-element-55f4dcfd\" data-id=\"55f4dcfd\" data-element_type=\"column\" data-e-type=\"column\">\n\t\t\t<div class=\"elementor-widget-wrap elementor-element-populated\">\n\t\t\t\t\t<div class=\"elementor-background-overlay\"><\/div>\n\t\t\t\t\t\t<div class=\"elementor-element elementor-element-52429cfe elementor-widget elementor-widget-image\" data-id=\"52429cfe\" data-element_type=\"widget\" data-e-type=\"widget\" data-widget_type=\"image.default\">\n\t\t\t\t<div class=\"elementor-widget-container\">\n\t\t\t\t\t\t\t\t\t\t\t\t\t\t\t\t<a href=\"https:\/\/www.aparthotelgiuliano.com\/wp-content\/uploads\/2024\/05\/bakkhos-hamburguesa.png\" data-elementor-open-lightbox=\"yes\" data-e-action-hash=\"#elementor-action%3Aaction%3Dlightbox%26settings%3DeyJpZCI6Mjk3MSwidXJsIjoiaHR0cHM6XC9cL3d3dy5hcGFydGhvdGVsZ2l1bGlhbm8uY29tXC93cC1jb250ZW50XC91cGxvYWRzXC8yMDI0XC8wNVwvYmFra2hvcy1oYW1idXJndWVzYS5wbmcifQ%3D%3D\">\n\t\t\t\t\t\t\t<img fetchpriority=\"high\" decoding=\"async\" width=\"680\" height=\"453\" src=\"https:\/\/www.aparthotelgiuliano.com\/wp-content\/uploads\/2024\/05\/bakkhos-hamburguesa.png\" class=\"attachment-medium_large size-medium_large wp-image-2971\" alt=\"\" srcset=\"https:\/\/www.aparthotelgiuliano.com\/wp-content\/uploads\/2024\/05\/bakkhos-hamburguesa.png 680w, https:\/\/www.aparthotelgiuliano.com\/wp-content\/uploads\/2024\/05\/bakkhos-hamburguesa-300x200.png 300w\" sizes=\"(max-width: 680px) 100vw, 680px\" \/>\t\t\t\t\t\t\t\t<\/a>\n\t\t\t\t\t\t\t\t\t\t\t\t\t\t\t<\/div>\n\t\t\t\t<\/div>\n\t\t\t\t\t<\/div>\n\t\t<\/div>\n\t\t\t\t\t<\/div>\n\t\t<\/section>\n\t\t\t\t<section class=\"elementor-section elementor-inner-section elementor-element elementor-element-336b2d3d elementor-section-height-min-height elementor-section-content-middle animated-fast elementor-section-boxed elementor-section-height-default elementor-invisible\" data-id=\"336b2d3d\" data-element_type=\"section\" data-e-type=\"section\" data-settings=\"{&quot;animation&quot;:&quot;fadeInUp&quot;}\">\n\t\t\t\t\t\t<div class=\"elementor-container elementor-column-gap-no\">\n\t\t\t\t\t<div class=\"elementor-column elementor-col-100 elementor-inner-column elementor-element elementor-element-66f020fa\" data-id=\"66f020fa\" data-element_type=\"column\" data-e-type=\"column\">\n\t\t\t<div class=\"elementor-widget-wrap elementor-element-populated\">\n\t\t\t\t\t<div class=\"elementor-background-overlay\"><\/div>\n\t\t\t\t\t\t<div class=\"elementor-element elementor-element-503a62a5 elementor-widget elementor-widget-image\" data-id=\"503a62a5\" data-element_type=\"widget\" data-e-type=\"widget\" data-widget_type=\"image.default\">\n\t\t\t\t<div class=\"elementor-widget-container\">\n\t\t\t\t\t\t\t\t\t\t\t\t\t\t\t\t<a href=\"https:\/\/www.aparthotelgiuliano.com\/wp-content\/uploads\/2024\/05\/pizzeria-bakkhos-1.png\" data-elementor-open-lightbox=\"yes\" data-e-action-hash=\"#elementor-action%3Aaction%3Dlightbox%26settings%3DeyJpZCI6Mjk2NywidXJsIjoiaHR0cHM6XC9cL3d3dy5hcGFydGhvdGVsZ2l1bGlhbm8uY29tXC93cC1jb250ZW50XC91cGxvYWRzXC8yMDI0XC8wNVwvcGl6emVyaWEtYmFra2hvcy0xLnBuZyJ9\">\n\t\t\t\t\t\t\t<img decoding=\"async\" src=\"https:\/\/www.aparthotelgiuliano.com\/wp-content\/uploads\/elementor\/thumbs\/pizzeria-bakkhos-1-qnx4lxczkmry6vm3qlcet5n0rapjfaam77182bkkg8.png\" title=\"\" alt=\"\" loading=\"lazy\" \/>\t\t\t\t\t\t\t\t<\/a>\n\t\t\t\t\t\t\t\t\t\t\t\t\t\t\t<\/div>\n\t\t\t\t<\/div>\n\t\t\t\t\t<\/div>\n\t\t<\/div>\n\t\t\t\t\t<\/div>\n\t\t<\/section>\n\t\t\t\t\t<\/div>\n\t\t<\/div>\n\t\t\t\t<div class=\"elementor-column elementor-col-33 elementor-top-column elementor-element elementor-element-1358dec2 elementor-invisible\" data-id=\"1358dec2\" data-element_type=\"column\" data-e-type=\"column\" data-settings=\"{&quot;animation&quot;:&quot;fadeIn&quot;}\">\n\t\t\t<div class=\"elementor-widget-wrap elementor-element-populated\">\n\t\t\t\t\t\t<div class=\"elementor-element elementor-element-3a812f31 elementor-widget-divider--view-line elementor-invisible elementor-widget elementor-widget-divider\" data-id=\"3a812f31\" data-element_type=\"widget\" data-e-type=\"widget\" data-settings=\"{&quot;_animation&quot;:&quot;fadeInRight&quot;,&quot;_animation_delay&quot;:200}\" data-widget_type=\"divider.default\">\n\t\t\t\t<div class=\"elementor-widget-container\">\n\t\t\t\t\t\t\t<div class=\"elementor-divider\">\n\t\t\t<span class=\"elementor-divider-separator\">\n\t\t\t\t\t\t<\/span>\n\t\t<\/div>\n\t\t\t\t\t\t<\/div>\n\t\t\t\t<\/div>\n\t\t\t\t<div class=\"elementor-element elementor-element-02a3b39 elementor-widget elementor-widget-image\" data-id=\"02a3b39\" data-element_type=\"widget\" data-e-type=\"widget\" data-widget_type=\"image.default\">\n\t\t\t\t<div class=\"elementor-widget-container\">\n\t\t\t\t\t\t\t\t\t\t\t\t\t\t\t\t<a href=\"https:\/\/www.aparthotelgiuliano.com\/wp-content\/uploads\/2024\/05\/exterior-bakkhos.png\" data-elementor-open-lightbox=\"yes\" data-e-action-hash=\"#elementor-action%3Aaction%3Dlightbox%26settings%3DeyJpZCI6Mjk3MiwidXJsIjoiaHR0cHM6XC9cL3d3dy5hcGFydGhvdGVsZ2l1bGlhbm8uY29tXC93cC1jb250ZW50XC91cGxvYWRzXC8yMDI0XC8wNVwvZXh0ZXJpb3ItYmFra2hvcy5wbmcifQ%3D%3D\">\n\t\t\t\t\t\t\t<img decoding=\"async\" src=\"https:\/\/www.aparthotelgiuliano.com\/wp-content\/uploads\/elementor\/thumbs\/exterior-bakkhos-qnx630avitfvu4ics1cy49f4fn2r3y0x5xbcpuv72g.png\" title=\"\" alt=\"\" loading=\"lazy\" \/>\t\t\t\t\t\t\t\t<\/a>\n\t\t\t\t\t\t\t\t\t\t\t\t\t\t\t<\/div>\n\t\t\t\t<\/div>\n\t\t\t\t<section class=\"elementor-section elementor-inner-section elementor-element elementor-element-3df0b62b elementor-section-height-min-height elementor-section-content-middle animated-fast elementor-section-boxed elementor-section-height-default elementor-invisible\" data-id=\"3df0b62b\" data-element_type=\"section\" data-e-type=\"section\" data-settings=\"{&quot;animation&quot;:&quot;fadeInUp&quot;}\">\n\t\t\t\t\t\t<div class=\"elementor-container elementor-column-gap-no\">\n\t\t\t\t\t<div class=\"elementor-column elementor-col-100 elementor-inner-column elementor-element elementor-element-a1eed07\" data-id=\"a1eed07\" data-element_type=\"column\" data-e-type=\"column\">\n\t\t\t<div class=\"elementor-widget-wrap elementor-element-populated\">\n\t\t\t\t\t<div class=\"elementor-background-overlay\"><\/div>\n\t\t\t\t\t\t<div class=\"elementor-element elementor-element-7454c170 elementor-widget elementor-widget-image\" data-id=\"7454c170\" data-element_type=\"widget\" data-e-type=\"widget\" data-widget_type=\"image.default\">\n\t\t\t\t<div class=\"elementor-widget-container\">\n\t\t\t\t\t\t\t\t\t\t\t\t\t\t\t\t<a href=\"https:\/\/www.aparthotelgiuliano.com\/wp-content\/uploads\/2024\/05\/pizzeria-bakkhos.png\" data-elementor-open-lightbox=\"yes\" data-e-action-hash=\"#elementor-action%3Aaction%3Dlightbox%26settings%3DeyJpZCI6Mjk3MCwidXJsIjoiaHR0cHM6XC9cL3d3dy5hcGFydGhvdGVsZ2l1bGlhbm8uY29tXC93cC1jb250ZW50XC91cGxvYWRzXC8yMDI0XC8wNVwvcGl6emVyaWEtYmFra2hvcy5wbmcifQ%3D%3D\">\n\t\t\t\t\t\t\t<img decoding=\"async\" src=\"https:\/\/www.aparthotelgiuliano.com\/wp-content\/uploads\/2024\/05\/pizzeria-bakkhos.png\" title=\"\" alt=\"\" loading=\"lazy\" \/>\t\t\t\t\t\t\t\t<\/a>\n\t\t\t\t\t\t\t\t\t\t\t\t\t\t\t<\/div>\n\t\t\t\t<\/div>\n\t\t\t\t\t<\/div>\n\t\t<\/div>\n\t\t\t\t\t<\/div>\n\t\t<\/section>\n\t\t\t\t\t<\/div>\n\t\t<\/div>\n\t\t\t\t\t<\/div>\n\t\t<\/section>\n\t\t\t\t<\/div>\n\t\t","protected":false},"excerpt":{"rendered":"<p>Restaurant Bakkhos Notre restaurant est connu pour son menu vari\u00e9 comprenant des sp\u00e9cialit\u00e9s argentines et m\u00e9diterran\u00e9ennes. Populaire pour ses plats copieux et ses prix raisonnables, Bakkhos attire aussi bien les locaux que les touristes. L&rsquo;ambiance du restaurant est cosy, avec une terrasse particuli\u00e8rement appr\u00e9ci\u00e9e en \u00e9t\u00e9. Parmi nos plats vedettes figurent des pizzas, des empanadas [&hellip;]<\/p>\n","protected":false},"author":2,"featured_media":2972,"parent":0,"menu_order":0,"comment_status":"closed","ping_status":"closed","template":"","meta":{"footnotes":""},"class_list":["post-2965","page","type-page","status-publish","has-post-thumbnail","hentry"],"yoast_head":"<!-- This site is optimized with the Yoast SEO plugin v27.2 - https:\/\/yoast.com\/product\/yoast-seo-wordpress\/ -->\n<title>Restaurant &#8226; Aparthotel Giuliano &#8226; Empuriabrava<\/title>\n<meta name=\"description\" content=\"Dans notre restaurant, vous trouverez une grande vari\u00e9t\u00e9 de plats. Notre sp\u00e9cialit\u00e9 sont les grillades et les pizzas.\" \/>\n<meta name=\"robots\" content=\"index, follow, max-snippet:-1, max-image-preview:large, max-video-preview:-1\" \/>\n<link rel=\"canonical\" href=\"https:\/\/www.aparthotelgiuliano.com\/fr\/restaurant\/\" \/>\n<meta property=\"og:locale\" content=\"fr_FR\" \/>\n<meta property=\"og:type\" content=\"article\" \/>\n<meta property=\"og:title\" content=\"Restaurant &#8226; Aparthotel Giuliano &#8226; Empuriabrava\" \/>\n<meta property=\"og:description\" content=\"Dans notre restaurant, vous trouverez une grande vari\u00e9t\u00e9 de plats. Notre sp\u00e9cialit\u00e9 sont les grillades et les pizzas.\" \/>\n<meta property=\"og:url\" content=\"https:\/\/www.aparthotelgiuliano.com\/fr\/restaurant\/\" \/>\n<meta property=\"og:site_name\" content=\"Aparthotel Giuliano\" \/>\n<meta property=\"article:modified_time\" content=\"2024-06-04T14:45:20+00:00\" \/>\n<meta property=\"og:image\" content=\"https:\/\/www.aparthotelgiuliano.com\/wp-content\/uploads\/2024\/05\/exterior-bakkhos.png\" \/>\n\t<meta property=\"og:image:width\" content=\"382\" \/>\n\t<meta property=\"og:image:height\" content=\"510\" \/>\n\t<meta property=\"og:image:type\" content=\"image\/png\" \/>\n<meta name=\"twitter:card\" content=\"summary_large_image\" \/>\n<script type=\"application\/ld+json\" class=\"yoast-schema-graph\">{\"@context\":\"https:\/\/schema.org\",\"@graph\":[{\"@type\":\"WebPage\",\"@id\":\"https:\/\/www.aparthotelgiuliano.com\/fr\/restaurant\/\",\"url\":\"https:\/\/www.aparthotelgiuliano.com\/fr\/restaurant\/\",\"name\":\"Restaurant &#8226; Aparthotel Giuliano &#8226; Empuriabrava\",\"isPartOf\":{\"@id\":\"https:\/\/www.aparthotelgiuliano.com\/fr\/#website\"},\"primaryImageOfPage\":{\"@id\":\"https:\/\/www.aparthotelgiuliano.com\/fr\/restaurant\/#primaryimage\"},\"image\":{\"@id\":\"https:\/\/www.aparthotelgiuliano.com\/fr\/restaurant\/#primaryimage\"},\"thumbnailUrl\":\"https:\/\/www.aparthotelgiuliano.com\/wp-content\/uploads\/2024\/05\/exterior-bakkhos.png\",\"datePublished\":\"2024-05-14T17:05:49+00:00\",\"dateModified\":\"2024-06-04T14:45:20+00:00\",\"description\":\"Dans notre restaurant, vous trouverez une grande vari\u00e9t\u00e9 de plats. Notre sp\u00e9cialit\u00e9 sont les grillades et les pizzas.\",\"breadcrumb\":{\"@id\":\"https:\/\/www.aparthotelgiuliano.com\/fr\/restaurant\/#breadcrumb\"},\"inLanguage\":\"fr-FR\",\"potentialAction\":[{\"@type\":\"ReadAction\",\"target\":[\"https:\/\/www.aparthotelgiuliano.com\/fr\/restaurant\/\"]}]},{\"@type\":\"ImageObject\",\"inLanguage\":\"fr-FR\",\"@id\":\"https:\/\/www.aparthotelgiuliano.com\/fr\/restaurant\/#primaryimage\",\"url\":\"https:\/\/www.aparthotelgiuliano.com\/wp-content\/uploads\/2024\/05\/exterior-bakkhos.png\",\"contentUrl\":\"https:\/\/www.aparthotelgiuliano.com\/wp-content\/uploads\/2024\/05\/exterior-bakkhos.png\",\"width\":382,\"height\":510},{\"@type\":\"BreadcrumbList\",\"@id\":\"https:\/\/www.aparthotelgiuliano.com\/fr\/restaurant\/#breadcrumb\",\"itemListElement\":[{\"@type\":\"ListItem\",\"position\":1,\"name\":\"Portada\",\"item\":\"https:\/\/www.aparthotelgiuliano.com\/fr\/debut\/\"},{\"@type\":\"ListItem\",\"position\":2,\"name\":\"Restaurant\"}]},{\"@type\":\"WebSite\",\"@id\":\"https:\/\/www.aparthotelgiuliano.com\/fr\/#website\",\"url\":\"https:\/\/www.aparthotelgiuliano.com\/fr\/\",\"name\":\"Aparthotel Giuliano\",\"description\":\"Aparthotel en Empuriabrava\",\"publisher\":{\"@id\":\"https:\/\/www.aparthotelgiuliano.com\/fr\/#organization\"},\"potentialAction\":[{\"@type\":\"SearchAction\",\"target\":{\"@type\":\"EntryPoint\",\"urlTemplate\":\"https:\/\/www.aparthotelgiuliano.com\/fr\/?s={search_term_string}\"},\"query-input\":{\"@type\":\"PropertyValueSpecification\",\"valueRequired\":true,\"valueName\":\"search_term_string\"}}],\"inLanguage\":\"fr-FR\"},{\"@type\":\"Organization\",\"@id\":\"https:\/\/www.aparthotelgiuliano.com\/fr\/#organization\",\"name\":\"Hotel Albera\",\"url\":\"https:\/\/www.aparthotelgiuliano.com\/fr\/\",\"logo\":{\"@type\":\"ImageObject\",\"inLanguage\":\"fr-FR\",\"@id\":\"https:\/\/www.aparthotelgiuliano.com\/fr\/#\/schema\/logo\/image\/\",\"url\":\"https:\/\/hotelalbera.com\/wp-content\/uploads\/2021\/09\/hotel-albera-logo.jpg\",\"contentUrl\":\"https:\/\/hotelalbera.com\/wp-content\/uploads\/2021\/09\/hotel-albera-logo.jpg\",\"width\":300,\"height\":300,\"caption\":\"Hotel Albera\"},\"image\":{\"@id\":\"https:\/\/www.aparthotelgiuliano.com\/fr\/#\/schema\/logo\/image\/\"}}]}<\/script>\n<!-- \/ Yoast SEO plugin. -->","yoast_head_json":{"title":"Restaurant &#8226; Aparthotel Giuliano &#8226; Empuriabrava","description":"Dans notre restaurant, vous trouverez une grande vari\u00e9t\u00e9 de plats. Notre sp\u00e9cialit\u00e9 sont les grillades et les pizzas.","robots":{"index":"index","follow":"follow","max-snippet":"max-snippet:-1","max-image-preview":"max-image-preview:large","max-video-preview":"max-video-preview:-1"},"canonical":"https:\/\/www.aparthotelgiuliano.com\/fr\/restaurant\/","og_locale":"fr_FR","og_type":"article","og_title":"Restaurant &#8226; Aparthotel Giuliano &#8226; Empuriabrava","og_description":"Dans notre restaurant, vous trouverez une grande vari\u00e9t\u00e9 de plats. Notre sp\u00e9cialit\u00e9 sont les grillades et les pizzas.","og_url":"https:\/\/www.aparthotelgiuliano.com\/fr\/restaurant\/","og_site_name":"Aparthotel Giuliano","article_modified_time":"2024-06-04T14:45:20+00:00","og_image":[{"width":382,"height":510,"url":"https:\/\/www.aparthotelgiuliano.com\/wp-content\/uploads\/2024\/05\/exterior-bakkhos.png","type":"image\/png"}],"twitter_card":"summary_large_image","schema":{"@context":"https:\/\/schema.org","@graph":[{"@type":"WebPage","@id":"https:\/\/www.aparthotelgiuliano.com\/fr\/restaurant\/","url":"https:\/\/www.aparthotelgiuliano.com\/fr\/restaurant\/","name":"Restaurant &#8226; Aparthotel Giuliano &#8226; Empuriabrava","isPartOf":{"@id":"https:\/\/www.aparthotelgiuliano.com\/fr\/#website"},"primaryImageOfPage":{"@id":"https:\/\/www.aparthotelgiuliano.com\/fr\/restaurant\/#primaryimage"},"image":{"@id":"https:\/\/www.aparthotelgiuliano.com\/fr\/restaurant\/#primaryimage"},"thumbnailUrl":"https:\/\/www.aparthotelgiuliano.com\/wp-content\/uploads\/2024\/05\/exterior-bakkhos.png","datePublished":"2024-05-14T17:05:49+00:00","dateModified":"2024-06-04T14:45:20+00:00","description":"Dans notre restaurant, vous trouverez une grande vari\u00e9t\u00e9 de plats. Notre sp\u00e9cialit\u00e9 sont les grillades et les pizzas.","breadcrumb":{"@id":"https:\/\/www.aparthotelgiuliano.com\/fr\/restaurant\/#breadcrumb"},"inLanguage":"fr-FR","potentialAction":[{"@type":"ReadAction","target":["https:\/\/www.aparthotelgiuliano.com\/fr\/restaurant\/"]}]},{"@type":"ImageObject","inLanguage":"fr-FR","@id":"https:\/\/www.aparthotelgiuliano.com\/fr\/restaurant\/#primaryimage","url":"https:\/\/www.aparthotelgiuliano.com\/wp-content\/uploads\/2024\/05\/exterior-bakkhos.png","contentUrl":"https:\/\/www.aparthotelgiuliano.com\/wp-content\/uploads\/2024\/05\/exterior-bakkhos.png","width":382,"height":510},{"@type":"BreadcrumbList","@id":"https:\/\/www.aparthotelgiuliano.com\/fr\/restaurant\/#breadcrumb","itemListElement":[{"@type":"ListItem","position":1,"name":"Portada","item":"https:\/\/www.aparthotelgiuliano.com\/fr\/debut\/"},{"@type":"ListItem","position":2,"name":"Restaurant"}]},{"@type":"WebSite","@id":"https:\/\/www.aparthotelgiuliano.com\/fr\/#website","url":"https:\/\/www.aparthotelgiuliano.com\/fr\/","name":"Aparthotel Giuliano","description":"Aparthotel en Empuriabrava","publisher":{"@id":"https:\/\/www.aparthotelgiuliano.com\/fr\/#organization"},"potentialAction":[{"@type":"SearchAction","target":{"@type":"EntryPoint","urlTemplate":"https:\/\/www.aparthotelgiuliano.com\/fr\/?s={search_term_string}"},"query-input":{"@type":"PropertyValueSpecification","valueRequired":true,"valueName":"search_term_string"}}],"inLanguage":"fr-FR"},{"@type":"Organization","@id":"https:\/\/www.aparthotelgiuliano.com\/fr\/#organization","name":"Hotel Albera","url":"https:\/\/www.aparthotelgiuliano.com\/fr\/","logo":{"@type":"ImageObject","inLanguage":"fr-FR","@id":"https:\/\/www.aparthotelgiuliano.com\/fr\/#\/schema\/logo\/image\/","url":"https:\/\/hotelalbera.com\/wp-content\/uploads\/2021\/09\/hotel-albera-logo.jpg","contentUrl":"https:\/\/hotelalbera.com\/wp-content\/uploads\/2021\/09\/hotel-albera-logo.jpg","width":300,"height":300,"caption":"Hotel Albera"},"image":{"@id":"https:\/\/www.aparthotelgiuliano.com\/fr\/#\/schema\/logo\/image\/"}}]}},"_links":{"self":[{"href":"https:\/\/www.aparthotelgiuliano.com\/fr\/wp-json\/wp\/v2\/pages\/2965","targetHints":{"allow":["GET"]}}],"collection":[{"href":"https:\/\/www.aparthotelgiuliano.com\/fr\/wp-json\/wp\/v2\/pages"}],"about":[{"href":"https:\/\/www.aparthotelgiuliano.com\/fr\/wp-json\/wp\/v2\/types\/page"}],"author":[{"embeddable":true,"href":"https:\/\/www.aparthotelgiuliano.com\/fr\/wp-json\/wp\/v2\/users\/2"}],"replies":[{"embeddable":true,"href":"https:\/\/www.aparthotelgiuliano.com\/fr\/wp-json\/wp\/v2\/comments?post=2965"}],"version-history":[{"count":3,"href":"https:\/\/www.aparthotelgiuliano.com\/fr\/wp-json\/wp\/v2\/pages\/2965\/revisions"}],"predecessor-version":[{"id":3103,"href":"https:\/\/www.aparthotelgiuliano.com\/fr\/wp-json\/wp\/v2\/pages\/2965\/revisions\/3103"}],"wp:featuredmedia":[{"embeddable":true,"href":"https:\/\/www.aparthotelgiuliano.com\/fr\/wp-json\/wp\/v2\/media\/2972"}],"wp:attachment":[{"href":"https:\/\/www.aparthotelgiuliano.com\/fr\/wp-json\/wp\/v2\/media?parent=2965"}],"curies":[{"name":"wp","href":"https:\/\/api.w.org\/{rel}","templated":true}]}}